{"id":9167,"date":"2024-11-06T12:28:46","date_gmt":"2024-11-06T10:28:46","guid":{"rendered":"https:\/\/walkingmonth.ro\/?page_id=9167"},"modified":"2026-04-16T13:42:38","modified_gmt":"2026-04-16T10:42:38","slug":"walking-month-post-2024","status":"publish","type":"page","link":"https:\/\/walkingmonth.ro\/en\/","title":{"rendered":"Walking Month"},"content":{"rendered":"<div class=\"wpb-content-wrapper\"><div class=\"vc_row-full-width-before\"><\/div><div id=\"vc_row-69e11f7d43841\" data-vc-full-width=\"true\" data-vc-full-width-init=\"false\" class=\"vc_row wpb_row vc_row-fluid scroller-block parallax-content vc_custom_1776323248001 thegem-custom-69e11f7d438234738 vc_row-has-fill vc_row-o-full-height vc_row-o-columns-middle vc_row-o-content-middle vc_row-flex\"><script type=\"text\/javascript\">fullHeightRow();<\/script><script type=\"text\/javascript\">if (typeof(gem_fix_fullwidth_position) == \"function\") { gem_fix_fullwidth_position(document.getElementById(\"vc_row-69e11f7d43841\")); }<\/script><div class=\"wpb_column vc_column_container vc_col-sm-12 vc_col-lg-7 vc_col-md-7 thegem-custom-69e11f7d439704268\" ><div class=\"vc_column-inner thegem-custom-inner-69e11f7d43972 vc_custom_1723715476024\"><div class=\"wpb_wrapper thegem-custom-69e11f7d439704268\">\r\n\t\r\n\t\t<div class=\"wpb_text_column wpb_content_element  wpb_animate_when_almost_visible wpb_fadeInLeft fadeInLeft vc_custom_1776335510237 thegem-vc-text thegem-custom-69e11f7d43c229720\"  >\r\n\t\t\t<div class=\"wpb_wrapper\">\r\n\t\t\t\t<div id=\"rp-download-app-store\" style=\"display: none; margin-bottom: 1rem;\"><span style=\"color: #000000;\"><a style=\"background: url('https:\/\/walkingmonth.ro\/wp-content\/uploads\/apple-appstore-badge-1.png') 0% 0% \/ contain; width: 149px; height: 44px; display: inline-block; color: #000000;\" href=\"https:\/\/apps.apple.com\/ro\/app\/walking-month\/id1249852766\">Download de pe App Store<\/a><\/span><\/div>\n<div id=\"rp-download-play-store\" style=\"display: none; margin-bottom: 1rem;\"><span style=\"color: #000000;\"><a style=\"background: url('https:\/\/walkingmonth.ro\/wp-content\/uploads\/google-play-badge-1.png') 0% 0% \/ contain; width: 149px; height: 44px; display: inline-block; color: #000000;\" href=\"https:\/\/play.google.com\/store\/apps\/details?id=com.betfairromania.walkingmonthapp&amp;hl=en&amp;gl=US\">Download de pe Play Store<\/a><\/span><\/div>\n<h1 class=\"title-xlarge\" style=\"margin-top: 0;\"><span style=\"color: #000000; text-transform: none; font-size: calc(52.5px + 4.16667vw); position: relative; line-height: 0.8;\">WALKING MONTH IS BACK!<\/span><\/h1>\n\r\n\t\t\t<\/div>\r\n\t\t\t\r\n\t\t<\/div>\r\n\t\r\n\r\n\t\r\n\t\t<div class=\"wpb_text_column wpb_content_element  wpb_animate_when_almost_visible wpb_fadeInUp fadeInUp vc_custom_1776335593668 thegem-vc-text thegem-custom-69e11f7d43cc94033\"  >\r\n\t\t\t<div class=\"wpb_wrapper\">\r\n\t\t\t\t<div class=\"title-h1 styled-subtitle title-h2\"><\/div>\n<div class=\"light title-h5 title-h1 styled-subtitle title-h2\" style=\"color: #333141; text-transform: none; font-size: calc(18px + 6 * ((100vw - 900px) \/ 1200)); line-height: 1.4; position: relative; top: -0.25em;\"><span style=\"color: #000000;\">We're setting the community in motion. Stay tuned, we'll be back soon with details about the cause.<\/span><\/div>\n\r\n\t\t\t<\/div>\r\n\t\t\t\r\n\t\t<\/div>\r\n\t\r\n<\/div><\/div><\/div><div class=\"wpb_animate_when_almost_visible wpb_fadeInDown fadeInDown wpb_column vc_column_container vc_col-sm-12 vc_col-lg-5 vc_col-md-5 vc_hidden-sm vc_hidden-xs thegem-custom-69e11f7d43d6e9277 vc_col-has-fill\" ><div class=\"vc_column-inner thegem-custom-inner-69e11f7d43d6f vc_custom_1749726229288\"><div class=\"wpb_wrapper thegem-custom-69e11f7d43d6e9277\">\n\t<div class=\"wpb_raw_code wpb_raw_html wpb_content_element\" >\n\t\t<div class=\"wpb_wrapper\">\n\t\t\t<!DOCTYPE html>\r\n<html lang=\"en\">\r\n<head>\r\n<meta charset=\"UTF-8\">\r\n<meta name=\"viewport\" content=\"width=device-width, initial-scale=1.0\">\r\n<title>Date Cards<\/title>\r\n<link rel=\"preconnect\" href=\"https:\/\/fonts.googleapis.com\">\r\n<link rel=\"preconnect\" href=\"https:\/\/fonts.gstatic.com\" crossorigin>\r\n<link href=\"https:\/\/fonts.googleapis.com\/css2?family=Anton&family=Spline+Sans:wght@400;500;600;700&display=swap\" rel=\"stylesheet\">\r\n<\/head>\r\n<body style=\"background:#FFB80C;\">\r\n\r\n<!-- \u2550\u2550\u2550\u2550\u2550\u2550\u2550\u2550\u2550\u2550\u2550\u2550\u2550\u2550\u2550\u2550\u2550\u2550\u2550\u2550\u2550\u2550\u2550\u2550\u2550\u2550\u2550\u2550\u2550\u2550\u2550\u2550\u2550\u2550\u2550\r\n     DATE CARDS \u2014 drop into any WP block\r\n     All styles scoped to .wmc-wrap\r\n     \u2550\u2550\u2550\u2550\u2550\u2550\u2550\u2550\u2550\u2550\u2550\u2550\u2550\u2550\u2550\u2550\u2550\u2550\u2550\u2550\u2550\u2550\u2550\u2550\u2550\u2550\u2550\u2550\u2550\u2550\u2550\u2550\u2550\u2550\u2550\u2550 -->\r\n<style>\r\n  .wmc-wrap {\r\n    display: flex;\r\n    gap: 3%;\r\n    align-items: stretch;\r\n    width: 100%;\r\n    padding: 6%;\r\n    box-sizing: border-box;\r\n    font-family: 'Spline Sans', Arial, sans-serif;\r\n  }\r\n\r\n  .wmc-card {\r\n    background: #ffffff;\r\n    border-radius: clamp(14px, 2vw, 24px);\r\n    flex: 1;\r\n    display: flex;\r\n    flex-direction: column;\r\n    align-items: center;\r\n    text-align: center;\r\n    overflow: hidden;\r\n    box-shadow:\r\n      0 2px 6px rgba(0,0,0,0.08),\r\n      0 12px 40px rgba(0,0,0,0.13);\r\n  }\r\n\r\n  .wmc-card-top {\r\n    flex: 1;\r\n    display: flex;\r\n    flex-direction: column;\r\n    align-items: center;\r\n    justify-content: center;\r\n    padding: clamp(20px, 5vw, 56px) clamp(16px, 4vw, 48px) clamp(12px, 3vw, 32px);\r\n  }\r\n\r\n  .wmc-number {\r\n    font-family: 'Anton', Impact, 'Arial Narrow', sans-serif;\r\n    font-weight: 400;\r\n    font-size: clamp(72px, 18vw, 180px);\r\n    line-height: 1;\r\n    color: #111111;\r\n    letter-spacing: -2px;\r\n    display: block;\r\n  }\r\n\r\n  .wmc-month {\r\n    font-family: 'Anton', Impact, 'Arial Narrow', sans-serif;\r\n    font-weight: 400;\r\n    font-size: clamp(28px, 7vw, 72px);\r\n    line-height: 1.05;\r\n    color: #111111;\r\n    display: block;\r\n    margin-top: 4px;\r\n  }\r\n\r\n  .wmc-divider {\r\n    width: 80%;\r\n    height: 1px;\r\n    background: #e8e8e8;\r\n    flex-shrink: 0;\r\n  }\r\n\r\n  .wmc-label {\r\n    padding: clamp(10px, 2.5vw, 24px) clamp(10px, 3vw, 32px) clamp(14px, 3vw, 32px);\r\n    font-family: 'Spline Sans', Arial, sans-serif;\r\n    font-size: clamp(12px, 2.2vw, 22px);\r\n    font-weight: 600;\r\n    color: #555555;\r\n    line-height: 1.4;\r\n  }\r\n<\/style>\r\n\r\n<div class=\"wmc-wrap\">\r\n\r\n  <div class=\"wmc-card\">\r\n    <div class=\"wmc-card-top\">\r\n      <span class=\"wmc-number\">12<\/span>\r\n      <span class=\"wmc-month\">May<\/span>\r\n    <\/div>\r\n    <div class=\"wmc-divider\"><\/div>\r\n    <div class=\"wmc-label\">Registrations<br>open<\/div>\r\n  <\/div>\r\n\r\n  <div class=\"wmc-card\">\r\n    <div class=\"wmc-card-top\">\r\n      <span class=\"wmc-number\">8<\/span>\r\n      <span class=\"wmc-month\">June<\/span>\r\n    <\/div>\r\n    <div class=\"wmc-divider\"><\/div>\r\n    <div class=\"wmc-label\">Competition<br>starts<\/div>\r\n  <\/div>\r\n\r\n<\/div>\r\n<!-- \u2550\u2550\u2550 \/DATE CARDS \u2550\u2550\u2550 -->\r\n\r\n<\/body>\r\n<\/html>\r\n\n\t\t<\/div>\n\t<\/div>\n<\/div><\/div><\/div><\/div><div class=\"vc_row-full-width vc_clearfix\"><\/div><section id=\"WMCalendar\" data-vc-full-width=\"true\" data-vc-full-width-init=\"false\" class=\"vc_section vc_custom_1723715816340 vc_section-has-fill vc_section-o-content-middle vc_section-flex\"><script type=\"text\/javascript\">if (typeof(gem_fix_fullwidth_position) == \"function\") { gem_fix_fullwidth_position(document.getElementById(\"WMCalendar\")); }<\/script><div id=\"vc_row-69e11f7d440bb\" class=\"vc_row wpb_row vc_row-fluid thegem-custom-69e11f7d440b31151\"><div class=\"wpb_column vc_column_container vc_col-sm-4 thegem-custom-69e11f7d4422f1248\" ><div class=\"vc_column-inner thegem-custom-inner-69e11f7d44232\"><div class=\"wpb_wrapper thegem-custom-69e11f7d4422f1248\">\r\n\t\r\n\t\t<div class=\"wpb_text_column wpb_content_element  thegem-vc-text thegem-custom-69e11f7d443075072\"  >\r\n\t\t\t<div class=\"wpb_wrapper\">\r\n\t\t\t\t<h3 style=\"color: white; line-height: 1.2;\"><small style=\"display: block; font-size: 0.6em;\">The next Walking Month edition:<\/small> June 2026<\/h3>\n\r\n\t\t\t<\/div>\r\n\t\t\t\r\n\t\t<\/div>\r\n\t\r\n<\/div><\/div><\/div><div class=\"wpb_column vc_column_container vc_col-sm-4 thegem-custom-69e11f7d443935622\" ><div class=\"vc_column-inner thegem-custom-inner-69e11f7d44394\"><div class=\"wpb_wrapper thegem-custom-69e11f7d443935622\">\r\n\t\r\n\t\t<div class=\"wpb_text_column wpb_content_element  thegem-vc-text thegem-custom-69e11f7d4442a9075\"  >\r\n\t\t\t<div class=\"wpb_wrapper\">\r\n\t\t\t\t\r\n\t\t\t<\/div>\r\n\t\t\t\r\n\t\t<\/div>\r\n\t\r\n<\/div><\/div><\/div><div class=\"wpb_column vc_column_container vc_col-sm-4 thegem-custom-69e11f7d444866578\" ><div class=\"vc_column-inner thegem-custom-inner-69e11f7d44487\"><div class=\"wpb_wrapper thegem-custom-69e11f7d444866578\"><\/div><\/div><\/div><\/div><\/section><div class=\"vc_row-full-width vc_clearfix\"><\/div><section id=\"WMStats\" data-vc-full-width=\"true\" data-vc-full-width-init=\"false\" class=\"vc_section vc_custom_1723715669132 vc_section-has-fill vc_section-o-content-middle vc_section-flex\"><script type=\"text\/javascript\">if (typeof(gem_fix_fullwidth_position) == \"function\") { gem_fix_fullwidth_position(document.getElementById(\"WMStats\")); }<\/script><div id=\"vc_row-69e11f7d44683\" class=\"vc_row wpb_row vc_row-fluid thegem-custom-69e11f7d4467c8399\"><div class=\"wpb_column vc_column_container vc_col-sm-8 thegem-custom-69e11f7d447215269\" ><div class=\"vc_column-inner thegem-custom-inner-69e11f7d44722\"><div class=\"wpb_wrapper thegem-custom-69e11f7d447215269\"><div class=\"vc_row wpb_row vc_inner vc_row-fluid thegem-custom-69e11f7d4480d4630 vc_row-o-equal-height vc_row-flex custom-inner-column-69e11f7d44812\" ><div class=\"wpb_column vc_column_container vc_col-sm-4 thegem-custom-69e11f7d448db5865\"><div class=\"vc_column-inner thegem-custom-inner-69e11f7d448dc\"><div class=\"wpb_wrapper thegem-custom-69e11f7d448db5865\">\r\n\t\r\n\t<div  class=\"wpb_single_image wpb_content_element vc_align_left\" >\r\n\t\t\r\n\t\t<figure class=\"wpb_wrapper vc_figure\">\r\n\t\t\t<div class=\"vc_single_image-wrapper   vc_box_border_grey\"><img decoding=\"async\" class=\"vc_single_image-img\" src=\"https:\/\/walkingmonth.ro\/wp-content\/uploads\/Betfair-Romania-Development-white-logo-200x37.png\" width=\"200\" height=\"37\" alt=\"Betfair-Romania-Development-white-logo\" title=\"Betfair-Romania-Development-white-logo\" loading=\"lazy\" \/><\/div>\r\n\t\t<\/figure>\r\n\t<\/div>\r\n\t\r\n<\/div><\/div><\/div><div class=\"wpb_column vc_column_container vc_col-sm-4 thegem-custom-69e11f7d4507e2955\"><div class=\"vc_column-inner thegem-custom-inner-69e11f7d45080\"><div class=\"wpb_wrapper thegem-custom-69e11f7d4507e2955\">\r\n\t\r\n\t<div  class=\"wpb_single_image wpb_content_element vc_align_left\" >\r\n\t\t\r\n\t\t<figure class=\"wpb_wrapper vc_figure\">\r\n\t\t\t<div class=\"vc_single_image-wrapper   vc_box_border_grey\"><img decoding=\"async\" class=\"vc_single_image-img\" src=\"https:\/\/walkingmonth.ro\/wp-content\/uploads\/BT-white-logo-61x70.png\" width=\"61\" height=\"70\" alt=\"BT-white-logo\" title=\"BT-white-logo\" loading=\"lazy\" \/><\/div>\r\n\t\t<\/figure>\r\n\t<\/div>\r\n\t\r\n<\/div><\/div><\/div><div class=\"wpb_column vc_column_container vc_col-sm-4 thegem-custom-69e11f7d456159723\"><div class=\"vc_column-inner thegem-custom-inner-69e11f7d45617\"><div class=\"wpb_wrapper thegem-custom-69e11f7d456159723\"><\/div><\/div><\/div><\/div>\r\n\t\r\n\t\t<div class=\"wpb_text_column wpb_content_element  thegem-vc-text thegem-custom-69e11f7d456dd7886\"  >\r\n\t\t\t<div class=\"wpb_wrapper\">\r\n\t\t\t\t<div class=\"styled-subtitle\" style=\"color: #ffffff;\">\n<p>Walking Month began as an internal competition within\u00a0<a href=\"https:\/\/betfairromania.ro\/\" target=\"_blank\" rel=\"noopener noreferrer\">Betfair Romania Development<\/a>which since 2015 has been open to the entire community and dedicated to raising funds for social causes.<\/p>\n<p>Every year, we promote a high-impact project by a trusted NGO, providing funding and visibility. Since 2018, our partnership with\u00a0<a href=\"https:\/\/www.bancatransilvania.ro\/\" target=\"_blank\" rel=\"noopener noreferrer\">Banca Transilvania<\/a>\u00a0has allowed us to double our impact!<\/p>\n<\/div>\n\r\n\t\t\t<\/div>\r\n\t\t\t\r\n\t\t<\/div>\r\n\t\r\n<\/div><\/div><\/div><div class=\"wpb_column vc_column_container vc_col-sm-4 thegem-custom-69e11f7d457e65640\" ><div class=\"vc_column-inner thegem-custom-inner-69e11f7d457e7\"><div class=\"wpb_wrapper thegem-custom-69e11f7d457e65640\"><div class=\"vc_progress_bar wpb_content_element\"  ><div class=\"vc_general vc_single_bar\"><small class=\"vc_label\" style=\"color: #ffffff;\">2015 <span class=\"vc_label_units\">42000lei<\/span><\/small><span class=\"vc_bar striped\" data-percentage-value=\"6.0381\" data-value=\"42000\" style=\"background-color: #ed6b82;\"><\/span><\/div><div class=\"vc_general vc_single_bar\"><small class=\"vc_label\" style=\"color: #ffffff;\">2016 <span class=\"vc_label_units\">132126lei<\/span><\/small><span class=\"vc_bar striped\" data-percentage-value=\"18.9949\" data-value=\"132126\" style=\"background-color: #ef7f74;\"><\/span><\/div><div class=\"vc_general vc_single_bar\"><small class=\"vc_label\" style=\"color: #ffffff;\">2017 <span class=\"vc_label_units\">146520lei<\/span><\/small><span class=\"vc_bar striped\" data-percentage-value=\"21.0642\" data-value=\"146520\" style=\"background-color: #ccb351;\"><\/span><\/div><div class=\"vc_general vc_single_bar\"><small class=\"vc_label\" style=\"color: #ffffff;\">2018 <span class=\"vc_label_units\">295000lei<\/span><\/small><span class=\"vc_bar striped\" data-percentage-value=\"42.4102\" data-value=\"295000\" style=\"background-color: #f2be4d;\"><\/span><\/div><div class=\"vc_general vc_single_bar vc_progress-bar-color-bar_orange\"><small class=\"vc_label\">2019 <span class=\"vc_label_units\">419946lei<\/span><\/small><span class=\"vc_bar striped\" data-percentage-value=\"60.3728\" data-value=\"419946\"><\/span><\/div><div class=\"vc_general vc_single_bar vc_progress-bar-color-purple\"><small class=\"vc_label\">2020 <span class=\"vc_label_units\">370814lei<\/span><\/small><span class=\"vc_bar striped\" data-percentage-value=\"53.3094\" data-value=\"370814\"><\/span><\/div><div class=\"vc_general vc_single_bar vc_progress-bar-color-bar_turquoise\"><small class=\"vc_label\">2021 <span class=\"vc_label_units\">406048lei<\/span><\/small><span class=\"vc_bar striped\" data-percentage-value=\"58.3748\" data-value=\"406048\"><\/span><\/div><div class=\"vc_general vc_single_bar vc_progress-bar-color-vista-blue\"><small class=\"vc_label\">2022 <span class=\"vc_label_units\">448868lei<\/span><\/small><span class=\"vc_bar striped\" data-percentage-value=\"64.5307\" data-value=\"448868\"><\/span><\/div><div class=\"vc_general vc_single_bar vc_progress-bar-color-sky\"><small class=\"vc_label\">2023 <span class=\"vc_label_units\">581281lei<\/span><\/small><span class=\"vc_bar striped\" data-percentage-value=\"83.5669\" data-value=\"581281\"><\/span><\/div><div class=\"vc_general vc_single_bar vc_progress-bar-color-green\"><small class=\"vc_label\">2024 <span class=\"vc_label_units\">695588lei<\/span><\/small><span class=\"vc_bar striped\" data-percentage-value=\"100\" data-value=\"695588\"><\/span><\/div><\/div><\/div><\/div><\/div><\/div><\/section><div class=\"vc_row-full-width vc_clearfix\"><\/div><div id=\"vc_row-69e11f7d45b77\" class=\"vc_row wpb_row vc_row-fluid thegem-custom-69e11f7d45b6d1545\"><div class=\"wpb_column vc_column_container vc_col-sm-12 thegem-custom-69e11f7d45c1f6514\" ><div class=\"vc_column-inner thegem-custom-inner-69e11f7d45c20\"><div class=\"wpb_wrapper thegem-custom-69e11f7d45c1f6514\">\r\n\t\r\n\t\t<div class=\"wpb_text_column wpb_content_element  thegem-vc-text thegem-custom-69e11f7d45cc18725\"  >\r\n\t\t\t<div class=\"wpb_wrapper\">\r\n\t\t\t\t\r\n\t\t\t<\/div>\r\n\t\t\t\r\n\t\t<\/div>\r\n\t\r\n<\/div><\/div><\/div><\/div><section id=\"SectiuneEditii\" class=\"vc_section\"><div id=\"vc_row-69e11f7d45dc7\" class=\"vc_row wpb_row vc_row-fluid thegem-custom-69e11f7d45dc14410\"><div class=\"wpb_column vc_column_container vc_col-sm-12 thegem-custom-69e11f7d45e668379\" ><div class=\"vc_column-inner thegem-custom-inner-69e11f7d45e67\"><div class=\"wpb_wrapper thegem-custom-69e11f7d45e668379\">\r\n\t\r\n\t\t<div class=\"wpb_text_column wpb_content_element  thegem-vc-text thegem-custom-69e11f7d45f985950\"  >\r\n\t\t\t<div class=\"wpb_wrapper\">\r\n\t\t\t\t<h1 style=\"text-align: center;\">Years of good deeds<\/h1>\n<p style=\"text-align: center;\">In previous editions of Walking Month, we raised funds to equip a children\u2019s hospital, double the capacity of Cluj\u2019s only community taxi, support the activities of Paralympic champions, create a social ambulance, provide hot meals to elderly people living alone, and contribute to the renovation of medical clinics in rural areas.<\/p>\n\r\n\t\t\t<\/div>\r\n\t\t\t\r\n\t\t<\/div>\r\n\t\r\n<\/div><\/div><\/div><\/div><\/section><div id=\"vc_row-69e11f7d4606b\" class=\"vc_row wpb_row vc_row-fluid thegem-custom-69e11f7d460639728\"><div class=\"wpb_column vc_column_container vc_col-sm-12 thegem-custom-69e11f7d460fd3248\" ><div class=\"vc_column-inner thegem-custom-inner-69e11f7d460fe\"><div class=\"wpb_wrapper thegem-custom-69e11f7d460fd3248\">\r\n\t\r\n\t\t<div class=\"wpb_text_column wpb_content_element  thegem-vc-text thegem-custom-69e11f7d4619a5805\"  >\r\n\t\t\t<div class=\"wpb_wrapper\">\r\n\t\t\t\t\r\n\t\t\t<\/div>\r\n\t\t\t\r\n\t\t<\/div>\r\n\t\r\n<\/div><\/div><\/div><\/div><section id=\"vc_section-69e11f7d4624b\" class=\"vc_section\"><\/section>\n<\/div>","protected":false},"excerpt":{"rendered":"Download de pe App Store Download de pe Play Store WALKING MONTH REVINE! Punem comunitatea \u00een mi\u0219care. R\u0103m\u00e2i pe faz\u0103,...","protected":false},"author":2,"featured_media":7907,"parent":0,"menu_order":0,"comment_status":"closed","ping_status":"closed","template":"","meta":{"footnotes":""},"class_list":["post-9167","page","type-page","status-publish","has-post-thumbnail"],"_links":{"self":[{"href":"https:\/\/walkingmonth.ro\/en\/wp-json\/wp\/v2\/pages\/9167","targetHints":{"allow":["GET"]}}],"collection":[{"href":"https:\/\/walkingmonth.ro\/en\/wp-json\/wp\/v2\/pages"}],"about":[{"href":"https:\/\/walkingmonth.ro\/en\/wp-json\/wp\/v2\/types\/page"}],"author":[{"embeddable":true,"href":"https:\/\/walkingmonth.ro\/en\/wp-json\/wp\/v2\/users\/2"}],"replies":[{"embeddable":true,"href":"https:\/\/walkingmonth.ro\/en\/wp-json\/wp\/v2\/comments?post=9167"}],"version-history":[{"count":17,"href":"https:\/\/walkingmonth.ro\/en\/wp-json\/wp\/v2\/pages\/9167\/revisions"}],"predecessor-version":[{"id":10824,"href":"https:\/\/walkingmonth.ro\/en\/wp-json\/wp\/v2\/pages\/9167\/revisions\/10824"}],"wp:featuredmedia":[{"embeddable":true,"href":"https:\/\/walkingmonth.ro\/en\/wp-json\/wp\/v2\/media\/7907"}],"wp:attachment":[{"href":"https:\/\/walkingmonth.ro\/en\/wp-json\/wp\/v2\/media?parent=9167"}],"curies":[{"name":"wp","href":"https:\/\/api.w.org\/{rel}","templated":true}]}}