{"id":8711,"date":"2024-08-15T11:16:13","date_gmt":"2024-08-15T08:16:13","guid":{"rendered":"https:\/\/walkingmonth.ro\/?page_id=8711"},"modified":"2024-11-06T12:39:28","modified_gmt":"2024-11-06T10:39:28","slug":"walking-month-2024-backup-front","status":"publish","type":"page","link":"https:\/\/walkingmonth.ro\/en\/walking-month-2024-backup-front\/","title":{"rendered":"Walking Month 2024 BACKUP FRONT PAGE"},"content":{"rendered":"<div class=\"wpb-content-wrapper\"><div class=\"vc_row-full-width-before\"><\/div><div id=\"vc_row-69e1336378647\" data-vc-full-width=\"true\" data-vc-full-width-init=\"false\" class=\"vc_row wpb_row vc_row-fluid scroller-block parallax-content vc_custom_1724083838699 thegem-custom-69e13363786285493 vc_row-has-fill vc_row-o-full-height vc_row-o-columns-middle vc_row-o-content-middle vc_row-flex\"><script type=\"text\/javascript\">fullHeightRow();<\/script><script type=\"text\/javascript\">if (typeof(gem_fix_fullwidth_position) == \"function\") { gem_fix_fullwidth_position(document.getElementById(\"vc_row-69e1336378647\")); }<\/script><div class=\"wpb_column vc_column_container vc_col-sm-12 vc_col-lg-7 vc_col-md-7 thegem-custom-69e13363787608267\" ><div class=\"vc_column-inner thegem-custom-inner-69e1336378761 vc_custom_1723715476024\"><div class=\"wpb_wrapper thegem-custom-69e13363787608267\">[gem_divider margin_top=&#8221;40&#8243;]\r\n\t\r\n\t\t<div class=\"wpb_text_column wpb_content_element  wpb_animate_when_almost_visible wpb_fadeInLeft fadeInLeft vc_custom_1724105364232 thegem-vc-text thegem-custom-69e1336378a032150\"  >\r\n\t\t\t<div class=\"wpb_wrapper\">\r\n\t\t\t\t<p><script>function getMobileOS(){const o=navigator.userAgent;\/android\/i.test(o)?(document.querySelector(\"#rp-download-play-store\").classList.add(\"active\"),document.querySelector(\"#rp-download-app-store\").classList.remove(\"active\"),console.log(\"android\")):(\/iPad|iPhone|iPod\/.test(o)||\"MacIntel\"===navigator.platform&&navigator.maxTouchPoints>1)&&(document.querySelector(\"#rp-download-app-store\").classList.add(\"active\"),document.querySelector(\"#rp-download-play-store\").classList.remove(\"active\"),console.log(\"iphone\"))}window.addEventListener(\"load\",(function(){getMobileOS()}));<\/script><\/p>\n<style>#rp-download-app-store.active, #rp-download-play-store.active{display:inline-block !important}<\/style>\n<div id=\"rp-download-app-store\" style=\"display: none; margin-bottom: 1rem;\"><a style=\"background: url('https:\/\/walkingmonth.ro\/wp-content\/uploads\/apple-appstore-badge-1.png'); background-size: contain; width: 149px; height: 44px; display: inline-block; color: transparent;\" href=\"https:\/\/apps.apple.com\/ro\/app\/walking-month\/id1249852766\">Download de pe App Store<\/a><\/div>\n<div id=\"rp-download-play-store\" style=\"display: none; margin-bottom: 1rem;\"><a style=\"background: url('https:\/\/walkingmonth.ro\/wp-content\/uploads\/google-play-badge-1.png'); background-size: contain; width: 149px; height: 44px; display: inline-block; color: transparent;\" href=\"https:\/\/play.google.com\/store\/apps\/details?id=com.betfairromania.walkingmonthapp&amp;hl=en&amp;gl=US\">Download de pe Play Store<\/a><\/div>\n<p class=\"light\" style=\"color: #333141; text-transform: none; font-size: calc(18px + 6 * ((100vw - 900px) \/ 1200)); line-height: 1.4; position: relative; margin: 0 0 0.4em 0;\"><strong style=\"color: #ffffff; font-weight: normal; font-family: 'Bebas Neue', cursive !important; letter-spacing: 0; font-size: 6vmin; line-height: 1;\">Walking Month 2024<\/strong><\/p>\n<h1 class=\"title-xlarge\" style=\"margin-top: 0;\"><span style=\"color: #f4f1f1; text-transform: none; font-size: calc(100px + 50 * ((100vw - 900px) \/ 1200)); position: relative; line-height: 0.8;\">PA\u0218II NO\u0218TRI SUNT PASUL LOR \u00ceNAINTE<br \/>\n<\/span><\/h1>\n\r\n\t\t\t<\/div>\r\n\t\t\t\r\n\t\t<\/div>\r\n\t\r\n\r\n\t\r\n\t\t<div class=\"wpb_text_column wpb_content_element  wpb_animate_when_almost_visible wpb_fadeInUp fadeInUp vc_custom_1723709992063 thegem-vc-text thegem-custom-69e1336378acd5907\"  >\r\n\t\t\t<div class=\"wpb_wrapper\">\r\n\t\t\t\t<div>\n<p class=\"light\" style=\"color: #333141; text-transform: none; font-size: calc(18px + 6 * ((100vw - 900px) \/ 1200)); line-height: 1.4; position: relative; top: -0.25em;\"><span style=\"color: #ffffff;\">Don\u0103m 3.000 de ore de terapie copiilor<br \/>\nneurodivergen\u021bi \u0219i familiilor lor<\/span><\/p>\n<\/div>\n\r\n\t\t\t<\/div>\r\n\t\t\t\r\n\t\t<\/div>\r\n\t\r\n[gem_divider margin_top=&#8221;0&#8243;][gem_button text=&#8221;Vezi pagina edi\u021biei 2024&#8243; size=&#8221;medium&#8221; no_uppercase=&#8221;1&#8243; corner=&#8221;25&#8243; gradient_backgound=&#8221;1&#8243; gradient_backgound_angle=&#8221;to bottom right&#8221; icon_pack=&#8221;elegant&#8221; effects_enabled=&#8221;1&#8243; weight=&#8221;bold&#8221; link=&#8221;url:https%3A%2F%2Fwalkingmonth.ro%2Feditia%2F2024-pasii-nostri-sunt-pasii-lor-inainte%2F|title:2023%3A%20Step%20up%20for%20equal%20play&#8221; text_color=&#8221;#272622&#8243; hover_text_color=&#8221;#272622&#8243; background_color=&#8221;#FFB80C&#8221; hover_background_color=&#8221;#FFB80C&#8221; effects_enabled_delay=&#8221;1500&#8243; gradient_backgound_from=&#8221;#FFB80C&#8221; gradient_backgound_to=&#8221;#FFB80C&#8221; gradient_backgound_hover_from=&#8221;#FFB80C&#8221; gradient_backgound_hover_to=&#8221;#FFB80C&#8221;][gem_divider margin_top=&#8221;40&#8243;]<\/div><\/div><\/div><div class=\"wpb_animate_when_almost_visible wpb_fadeInDown fadeInDown wpb_column vc_column_container vc_col-sm-12 vc_col-lg-5 vc_col-md-5 vc_hidden-sm vc_hidden-xs thegem-custom-69e1336378b7d9946 vc_col-has-fill\" ><div class=\"vc_column-inner thegem-custom-inner-69e1336378b7e vc_custom_1579264936683\"><div class=\"wpb_wrapper thegem-custom-69e1336378b7d9946\">\r\n\t\r\n\t<div  class=\"wpb_single_image wpb_content_element vc_align_center   image-7\" >\r\n\t\t\r\n\t\t<figure class=\"wpb_wrapper vc_figure\">\r\n\t\t\t<div class=\"vc_single_image-wrapper   vc_box_border_grey\"><img decoding=\"async\" class=\"vc_single_image-img \" src=\"https:\/\/walkingmonth.ro\/wp-content\/uploads\/phone-00023-382x800.png\" width=\"382\" height=\"800\" alt=\"phone-00023\" title=\"phone-00023\" loading=\"lazy\" \/><\/div>\r\n\t\t<\/figure>\r\n\t<\/div>\r\n\t\r\n<\/div><\/div><\/div><\/div><div class=\"vc_row-full-width vc_clearfix\"><\/div><section id=\"WMCalendar\" data-vc-full-width=\"true\" data-vc-full-width-init=\"false\" class=\"vc_section vc_custom_1723715816340 vc_section-has-fill vc_section-o-content-middle vc_section-flex\"><script type=\"text\/javascript\">if (typeof(gem_fix_fullwidth_position) == \"function\") { gem_fix_fullwidth_position(document.getElementById(\"WMCalendar\")); }<\/script><div id=\"vc_row-69e1336379381\" class=\"vc_row wpb_row vc_row-fluid thegem-custom-69e13363793785403\"><div class=\"wpb_column vc_column_container vc_col-sm-4 thegem-custom-69e13363794fd1050\" ><div class=\"vc_column-inner thegem-custom-inner-69e1336379500 \"><div class=\"wpb_wrapper thegem-custom-69e13363794fd1050\">\r\n\t\r\n\t\t<div class=\"wpb_text_column wpb_content_element  thegem-vc-text thegem-custom-69e13363795d86361\"  >\r\n\t\t\t<div class=\"wpb_wrapper\">\r\n\t\t\t\t<h3 style=\"color: white; line-height: 1.2;\"><small style=\"display: block; font-size: 0.6em;\">\u00censcrierile \u00eencep \u00een<\/small> 19 August<\/h3>\n\r\n\t\t\t<\/div>\r\n\t\t\t\r\n\t\t<\/div>\r\n\t\r\n<\/div><\/div><\/div><div class=\"wpb_column vc_column_container vc_col-sm-4 thegem-custom-69e133637966c5319\" ><div class=\"vc_column-inner thegem-custom-inner-69e133637966d \"><div class=\"wpb_wrapper thegem-custom-69e133637966c5319\">\r\n\t\r\n\t\t<div class=\"wpb_text_column wpb_content_element  thegem-vc-text thegem-custom-69e133637977c2423\"  >\r\n\t\t\t<div class=\"wpb_wrapper\">\r\n\t\t\t\t<h3 style=\"color: white; line-height: 1.2;\"><small style=\"display: block; font-size: 0.6em;\">Competi\u021bia \u00eencepe \u00een<\/small> 23 Septembrie<\/h3>\n\r\n\t\t\t<\/div>\r\n\t\t\t\r\n\t\t<\/div>\r\n\t\r\n<\/div><\/div><\/div><div class=\"wpb_column vc_column_container vc_col-sm-4 thegem-custom-69e133637980a7090\" ><div class=\"vc_column-inner thegem-custom-inner-69e133637980b \"><div class=\"wpb_wrapper thegem-custom-69e133637980a7090\">\r\n\t\r\n\t\t<div class=\"wpb_text_column wpb_content_element  thegem-vc-text thegem-custom-69e133637992b7900\"  >\r\n\t\t\t<div class=\"wpb_wrapper\">\r\n\t\t\t\t<h3 style=\"color: white; line-height: 1.2;\"><small style=\"display: block; font-size: 0.6em;\">Premierea are loc \u00een<\/small> Noiembrie 2024<\/h3>\n\r\n\t\t\t<\/div>\r\n\t\t\t\r\n\t\t<\/div>\r\n\t\r\n<\/div><\/div><\/div><\/div><\/section><div class=\"vc_row-full-width vc_clearfix\"><\/div><section id=\"WMStats\" data-vc-full-width=\"true\" data-vc-full-width-init=\"false\" class=\"vc_section vc_custom_1723715669132 vc_section-has-fill vc_section-o-content-middle vc_section-flex\"><script type=\"text\/javascript\">if (typeof(gem_fix_fullwidth_position) == \"function\") { gem_fix_fullwidth_position(document.getElementById(\"WMStats\")); }<\/script><div id=\"vc_row-69e1336379add\" class=\"vc_row wpb_row vc_row-fluid thegem-custom-69e1336379ad52394\"><div class=\"wpb_column vc_column_container vc_col-sm-8 thegem-custom-69e1336379be24571\" ><div class=\"vc_column-inner thegem-custom-inner-69e1336379be3 \"><div class=\"wpb_wrapper thegem-custom-69e1336379be24571\"><div class=\"vc_row wpb_row vc_inner vc_row-fluid thegem-custom-69e1336379cd64961 vc_row-o-equal-height vc_row-flex custom-inner-column-69e1336379cdc\" ><div class=\"wpb_column vc_column_container vc_col-sm-4 thegem-custom-69e1336379d9c5425\"><div class=\"vc_column-inner thegem-custom-inner-69e1336379d9d \"><div class=\"wpb_wrapper thegem-custom-69e1336379d9c5425\">\r\n\t\r\n\t<div  class=\"wpb_single_image wpb_content_element vc_align_left\" >\r\n\t\t\r\n\t\t<figure class=\"wpb_wrapper vc_figure\">\r\n\t\t\t<div class=\"vc_single_image-wrapper   vc_box_border_grey\"><img decoding=\"async\" class=\"vc_single_image-img \" src=\"https:\/\/walkingmonth.ro\/wp-content\/uploads\/Betfair-Romania-Development-white-logo-200x37.png\" width=\"200\" height=\"37\" alt=\"Betfair-Romania-Development-white-logo\" title=\"Betfair-Romania-Development-white-logo\" loading=\"lazy\" \/><\/div>\r\n\t\t<\/figure>\r\n\t<\/div>\r\n\t\r\n<\/div><\/div><\/div><div class=\"wpb_column vc_column_container vc_col-sm-4 thegem-custom-69e133637a3cf5572\"><div class=\"vc_column-inner thegem-custom-inner-69e133637a3d0 \"><div class=\"wpb_wrapper thegem-custom-69e133637a3cf5572\">\r\n\t\r\n\t<div  class=\"wpb_single_image wpb_content_element vc_align_left\" >\r\n\t\t\r\n\t\t<figure class=\"wpb_wrapper vc_figure\">\r\n\t\t\t<div class=\"vc_single_image-wrapper   vc_box_border_grey\"><img decoding=\"async\" class=\"vc_single_image-img \" src=\"https:\/\/walkingmonth.ro\/wp-content\/uploads\/BT-white-logo-61x70.png\" width=\"61\" height=\"70\" alt=\"BT-white-logo\" title=\"BT-white-logo\" loading=\"lazy\" \/><\/div>\r\n\t\t<\/figure>\r\n\t<\/div>\r\n\t\r\n<\/div><\/div><\/div><div class=\"wpb_column vc_column_container vc_col-sm-4 thegem-custom-69e133637a8973537\"><div class=\"vc_column-inner thegem-custom-inner-69e133637a899 \"><div class=\"wpb_wrapper thegem-custom-69e133637a8973537\"><\/div><\/div><\/div><\/div>\r\n\t\r\n\t\t<div class=\"wpb_text_column wpb_content_element  thegem-vc-text thegem-custom-69e133637a9495644\"  >\r\n\t\t\t<div class=\"wpb_wrapper\">\r\n\t\t\t\t<div class=\"styled-subtitle\" style=\"color: #ffffff;\">Walking Month a \u00eenceput ca o competi\u021bie intern\u0103 \u00een cadrul\u00a0<a href=\"https:\/\/betfairromania.ro\/\" target=\"_blank\" rel=\"noopener noreferrer\">Betfair Romania Development<\/a>, care din 2015 a fost deschis\u0103 \u00eentregii comunit\u0103\u021bi \u0219i dedicat\u0103 str\u00e2ngerii de fonduri pentru cauze sociale. \u00cen fiecare an, promov\u0103m un proiect de impact al unui ONG de \u00eencredere, oferind fonduri \u0219i vizibilitate. Din 2018, parteneriatul cu\u00a0<a href=\"https:\/\/www.bancatransilvania.ro\/\" target=\"_blank\" rel=\"noopener noreferrer\">Banca Transilvania<\/a>\u00a0ne-a permis s\u0103 ne dubl\u0103m impactul!<\/div>\n\r\n\t\t\t<\/div>\r\n\t\t\t\r\n\t\t<\/div>\r\n\t\r\n<\/div><\/div><\/div><div class=\"wpb_column vc_column_container vc_col-sm-4 thegem-custom-69e133637aa347116\" ><div class=\"vc_column-inner thegem-custom-inner-69e133637aa35 \"><div class=\"wpb_wrapper thegem-custom-69e133637aa347116\"><div class=\"vc_progress_bar wpb_content_element\"  ><div class=\"vc_general vc_single_bar\"><small class=\"vc_label\" style=\"color: #ffffff;\">2015 <span class=\"vc_label_units\">42000lei<\/span><\/small><span class=\"vc_bar striped\" data-percentage-value=\"7.2254\" data-value=\"42000\" style=\"background-color: #ed6b82;\"><\/span><\/div><div class=\"vc_general vc_single_bar\"><small class=\"vc_label\" style=\"color: #ffffff;\">2016 <span class=\"vc_label_units\">132126lei<\/span><\/small><span class=\"vc_bar striped\" data-percentage-value=\"22.7301\" data-value=\"132126\" style=\"background-color: #ef7f74;\"><\/span><\/div><div class=\"vc_general vc_single_bar\"><small class=\"vc_label\" style=\"color: #ffffff;\">2017 <span class=\"vc_label_units\">146520lei<\/span><\/small><span class=\"vc_bar striped\" data-percentage-value=\"25.2064\" data-value=\"146520\" style=\"background-color: #f28d62;\"><\/span><\/div><div class=\"vc_general vc_single_bar\"><small class=\"vc_label\" style=\"color: #ffffff;\">2018 <span class=\"vc_label_units\">295000lei<\/span><\/small><span class=\"vc_bar striped\" data-percentage-value=\"50.75\" data-value=\"295000\" style=\"background-color: #f4994e;\"><\/span><\/div><div class=\"vc_general vc_single_bar\"><small class=\"vc_label\" style=\"color: #ffffff;\">2019 <span class=\"vc_label_units\">419946lei<\/span><\/small><span class=\"vc_bar striped\" data-percentage-value=\"72.2449\" data-value=\"419946\" style=\"background-color: #fab518;\"><\/span><\/div><div class=\"vc_general vc_single_bar\"><small class=\"vc_label\" style=\"color: #ffffff;\">2020 <span class=\"vc_label_units\">370814lei<\/span><\/small><span class=\"vc_bar striped\" data-percentage-value=\"63.7926\" data-value=\"370814\" style=\"background-color: #fab518;\"><\/span><\/div><div class=\"vc_general vc_single_bar\"><small class=\"vc_label\" style=\"color: #000000;\">2021 <span class=\"vc_label_units\">406048lei<\/span><\/small><span class=\"vc_bar striped\" data-percentage-value=\"69.854\" data-value=\"406048\" style=\"background-color: #fcd602;\"><\/span><\/div><div class=\"vc_general vc_single_bar\"><small class=\"vc_label\" style=\"color: #000000;\">2022 <span class=\"vc_label_units\">448868lei<\/span><\/small><span class=\"vc_bar striped\" data-percentage-value=\"77.2205\" data-value=\"448868\" style=\"background-color: #fce353;\"><\/span><\/div><div class=\"vc_general vc_single_bar\"><small class=\"vc_label\" style=\"color: #000000;\">2023 <span class=\"vc_label_units\">581281lei<\/span><\/small><span class=\"vc_bar striped\" data-percentage-value=\"100\" data-value=\"581281\" style=\"background-color: #fcd600;\"><\/span><\/div><\/div><\/div><\/div><\/div><\/div><\/section><div class=\"vc_row-full-width vc_clearfix\"><\/div><div id=\"vc_row-69e133637ad04\" class=\"vc_row wpb_row vc_row-fluid thegem-custom-69e133637acfc7165\"><div class=\"wpb_column vc_column_container vc_col-sm-12 thegem-custom-69e133637ad9b919\" ><div class=\"vc_column-inner thegem-custom-inner-69e133637ad9c \"><div class=\"wpb_wrapper thegem-custom-69e133637ad9b919\">\r\n\t\r\n\t\t<div class=\"wpb_text_column wpb_content_element  thegem-vc-text thegem-custom-69e133637ae326659\"  >\r\n\t\t\t<div class=\"wpb_wrapper\">\r\n\t\t\t\t\r\n\t\t\t<\/div>\r\n\t\t\t\r\n\t\t<\/div>\r\n\t\r\n<\/div><\/div><\/div><\/div><section id=\"SectiuneEditii\" class=\"vc_section\"><div id=\"vc_row-69e133637af28\" class=\"vc_row wpb_row vc_row-fluid thegem-custom-69e133637af239922\"><div class=\"wpb_column vc_column_container vc_col-sm-12 thegem-custom-69e133637afb11562\" ><div class=\"vc_column-inner thegem-custom-inner-69e133637afb2 \"><div class=\"wpb_wrapper thegem-custom-69e133637afb11562\">[gem_divider margin_top=&#8221;40&#8243;]\r\n\t\r\n\t\t<div class=\"wpb_text_column wpb_content_element  thegem-vc-text thegem-custom-69e133637b0ef978\"  >\r\n\t\t\t<div class=\"wpb_wrapper\">\r\n\t\t\t\t<h1 style=\"text-align: center;\">Ani de fapte bune<\/h1>\n<p style=\"text-align: center;\">La edi\u021biile anterioare ale Walking Month, am str\u00e2ns fonduri pentru a echipa un spital de copii, a dubla capacitatea singurului taxi comunitar din Cluj, pentru a finan\u021ba activitatea campionilor paralimpici, am creat o ambulan\u021b\u0103 social\u0103, am oferit m\u00e2ncare cald\u0103 v\u00e2rstnicilor singuri \u0219i am contribuit la renovarea cabinetelor medicale din mediul rural.<\/p>\n\r\n\t\t\t<\/div>\r\n\t\t\t\r\n\t\t<\/div>\r\n\t\r\n[gem_counter_box columns=&#8221;3&#8243;][gem_counter from=&#8221;0&#8243; to=&#8221;9&#8243; text=&#8221;edi\u021bii&#8221; numbers_color=&#8221;#82ab5f&#8221; text_color=&#8221;#82ab5f&#8221;][gem_counter from=&#8221;0&#8243; to=&#8221;20375&#8243; text=&#8221;concuren\u021bi&#8221; numbers_color=&#8221;#82ab5f&#8221; text_color=&#8221;#82ab5f&#8221;][gem_counter from=&#8221;0&#8243; to=&#8221;5.717&#8243; text=&#8221;milioane de pa\u0219i&#8221; numbers_color=&#8221;#82ab5f&#8221; text_color=&#8221;#82ab5f&#8221;][\/gem_counter_box][gem_portfolio_slider portfolios=&#8221;walking-month&#8221; portfolio_fullwidth_columns=&#8221;3&#8243; portfolio_gaps_size=&#8221;42&#8243; portfolio_hover=&#8221;zooming-blur&#8221;]<\/div><\/div><\/div><\/div><\/section><div id=\"vc_row-69e133637b1f0\" class=\"vc_row wpb_row vc_row-fluid thegem-custom-69e133637b1bd9474\"><div class=\"wpb_column vc_column_container vc_col-sm-12 thegem-custom-69e133637b29e9397\" ><div class=\"vc_column-inner thegem-custom-inner-69e133637b29f \"><div class=\"wpb_wrapper thegem-custom-69e133637b29e9397\">\r\n\t\r\n\t\t<div class=\"wpb_text_column wpb_content_element  thegem-vc-text thegem-custom-69e133637b33d4715\"  >\r\n\t\t\t<div class=\"wpb_wrapper\">\r\n\t\t\t\t\r\n\t\t\t<\/div>\r\n\t\t\t\r\n\t\t<\/div>\r\n\t\r\n<\/div><\/div><\/div><\/div><section id=\"vc_section-69e133637b3b9\" class=\"vc_section\"><div id=\"vc_row-69e133637b430\" class=\"vc_row wpb_row vc_row-fluid thegem-custom-69e133637b42b6034\"><div class=\"wpb_column vc_column_container vc_col-sm-12 thegem-custom-69e133637b5352001\" ><div class=\"vc_column-inner thegem-custom-inner-69e133637b537 \"><div class=\"wpb_wrapper thegem-custom-69e133637b5352001\">[gem_divider margin_top=&#8221;60&#8243;]\r\n\t\r\n\t\t<div class=\"wpb_text_column wpb_content_element  thegem-vc-text thegem-custom-69e133637b5de6994\"  >\r\n\t\t\t<div class=\"wpb_wrapper\">\r\n\t\t\t\t<h1 style=\"text-align: center;\">WALKING MONTH NEWS<\/h1>\n\r\n\t\t\t<\/div>\r\n\t\t\t\r\n\t\t<\/div>\r\n\t\r\n[gem_news style=&#8221;styled_list2&#8243; post_per_page=&#8221;3&#8243; post_pagination=&#8221;more&#8221; ignore_sticky=&#8221;1&#8243; hide_author=&#8221;1&#8243; hide_comments=&#8221;1&#8243; hide_likes=&#8221;1&#8243; button_corner=&#8221;25&#8243; button_icon_pack=&#8221;elegant&#8221; categories=&#8221;news&#8221;]<\/div><\/div><\/div><\/div><\/section>\n<\/div>","protected":false},"excerpt":{"rendered":"[gem_divider margin_top=\"40\"] Download de pe App Store Download de pe Play Store Walking Month 2024 PA\u0218II NO\u0218TRI SUNT PASUL LOR...","protected":false},"author":2,"featured_media":7907,"parent":0,"menu_order":0,"comment_status":"closed","ping_status":"closed","template":"","meta":{"footnotes":""},"class_list":["post-8711","page","type-page","status-publish","has-post-thumbnail"],"_links":{"self":[{"href":"https:\/\/walkingmonth.ro\/en\/wp-json\/wp\/v2\/pages\/8711","targetHints":{"allow":["GET"]}}],"collection":[{"href":"https:\/\/walkingmonth.ro\/en\/wp-json\/wp\/v2\/pages"}],"about":[{"href":"https:\/\/walkingmonth.ro\/en\/wp-json\/wp\/v2\/types\/page"}],"author":[{"embeddable":true,"href":"https:\/\/walkingmonth.ro\/en\/wp-json\/wp\/v2\/users\/2"}],"replies":[{"embeddable":true,"href":"https:\/\/walkingmonth.ro\/en\/wp-json\/wp\/v2\/comments?post=8711"}],"version-history":[{"count":22,"href":"https:\/\/walkingmonth.ro\/en\/wp-json\/wp\/v2\/pages\/8711\/revisions"}],"predecessor-version":[{"id":9176,"href":"https:\/\/walkingmonth.ro\/en\/wp-json\/wp\/v2\/pages\/8711\/revisions\/9176"}],"wp:featuredmedia":[{"embeddable":true,"href":"https:\/\/walkingmonth.ro\/en\/wp-json\/wp\/v2\/media\/7907"}],"wp:attachment":[{"href":"https:\/\/walkingmonth.ro\/en\/wp-json\/wp\/v2\/media?parent=8711"}],"curies":[{"name":"wp","href":"https:\/\/api.w.org\/{rel}","templated":true}]}}