{"id":8646,"date":"2024-08-06T01:57:37","date_gmt":"2024-08-05T22:57:37","guid":{"rendered":"https:\/\/walkingmonth.ro\/?page_id=8646"},"modified":"2024-08-06T02:44:02","modified_gmt":"2024-08-05T23:44:02","slug":"instructiuni-de-utilizare-pas-cu-pas","status":"publish","type":"page","link":"https:\/\/walkingmonth.ro\/en\/instructiuni-de-utilizare-pas-cu-pas\/","title":{"rendered":"Instruc\u021biuni de utilizare pas cu pas"},"content":{"rendered":"<h1 class=\"wmBandGuideTitle\">Instruc\u021biuni de utilizare pas cu pas \/ Step-by-step user guide<\/h1>\n<ol class=\"wmBandGuideList\">\n<li>\n<h2>1. Asambla\u021bi br\u0103\u021bara \/ Assemble your band<\/h2>\n<ol class=\"wmBandGuideSubList\">\n<li>\n<img loading=\"lazy\" decoding=\"async\" src=\"https:\/\/walkingmonth.ro\/wp-content\/uploads\/1-step-1-282x300.jpeg\" alt=\"\" width=\"282\" height=\"300\" class=\"alignnone size-medium wp-image-8647\" srcset=\"https:\/\/walkingmonth.ro\/wp-content\/uploads\/1-step-1-282x300.jpeg 282w, https:\/\/walkingmonth.ro\/wp-content\/uploads\/1-step-1.jpeg 428w\" sizes=\"auto, (max-width: 282px) 100vw, 282px\" \/>\n<\/li>\n<li>\n<img loading=\"lazy\" decoding=\"async\" src=\"https:\/\/walkingmonth.ro\/wp-content\/uploads\/1-step-2-226x300.jpeg\" alt=\"\" width=\"226\" height=\"300\" class=\"alignnone size-medium wp-image-8648\" srcset=\"https:\/\/walkingmonth.ro\/wp-content\/uploads\/1-step-2-226x300.jpeg 226w, https:\/\/walkingmonth.ro\/wp-content\/uploads\/1-step-2.jpeg 326w\" sizes=\"auto, (max-width: 226px) 100vw, 226px\" \/>\n<\/li>\n<li>\n<img loading=\"lazy\" decoding=\"async\" src=\"https:\/\/walkingmonth.ro\/wp-content\/uploads\/1-step-3-300x180.jpeg\" alt=\"\" width=\"300\" height=\"180\" class=\"alignnone size-medium wp-image-8649\" srcset=\"https:\/\/walkingmonth.ro\/wp-content\/uploads\/1-step-3-300x180.jpeg 300w, https:\/\/walkingmonth.ro\/wp-content\/uploads\/1-step-3.jpeg 750w\" sizes=\"auto, (max-width: 300px) 100vw, 300px\" \/>\n<\/li>\n<\/ol>\n<\/li>\n<li>\n<h2>2. Instala\u021bi aplica\u021bia Mi Fit \/ Install the Mi Fit App<\/h2>\n<div class=\"wmBandGuideMiApp\">\n<img loading=\"lazy\" decoding=\"async\" src=\"https:\/\/walkingmonth.ro\/wp-content\/uploads\/qr-mi-fit-300x297.jpeg\" alt=\"\" width=\"300\" height=\"297\" class=\"alignnone size-medium wp-image-8658\" srcset=\"https:\/\/walkingmonth.ro\/wp-content\/uploads\/qr-mi-fit-300x297.jpeg 300w, https:\/\/walkingmonth.ro\/wp-content\/uploads\/qr-mi-fit-150x150.jpeg 150w, https:\/\/walkingmonth.ro\/wp-content\/uploads\/qr-mi-fit.jpeg 588w\" sizes=\"auto, (max-width: 300px) 100vw, 300px\" \/><\/p>\n<p>Instala\u021bi aplica\u021bia Mi Fit din Google Play sau App Store. Pute\u021bi c\u0103uta aplica\u021bia dup\u0103 nume sau o pute\u021bi instala scan\u00e2nd codul QR al\u0103turat.<\/p>\n<p>Install the Mi Fit app from Google Play or App Store. You can look it up by name or simply scan the QR code.<\/p>\n<\/div>\n<\/li>\n<li>\n<h2>3. Crea\u021bi un cont \u00een aplica\u021bia Mi Fit \/ Create a Mi Fit account<\/h2>\n<p>ATEN\u021aIE! Acest cont este gestionat de Mi \u0219i este diferit de contul Walking Month.<\/p>\n<p>WARNING! This account is managed by Mi and differs from your Walking Month account.<\/p>\n<ol>\n<li>\nSelecta\u021bi \u021bara Rom\u00e2nia (dac\u0103 ave\u021bi nr. de telefon de Rom\u00e2nia)<br \/>\nSelect country to Romania (if you have a Romanian phone number)\n<\/li>\n<li>\nCompleta\u021bi cu datele dvs. \u0219i dup\u0103 \u00eenregistrarea \u0219i confirmarea contului pute\u021bi s\u0103 v\u0103 sincroniza\u021bi br\u0103\u021bara.<br \/>\nComplete the fields with your details and after registering and confirming your account, you can sync your band.\n<\/li>\n<\/ol>\n<p>Dac\u0103 nu primi\u021bi SMS-ul de confirmare, pute\u021bi \u00eencerca s\u0103 v\u0103 face\u021bi cont direct pe https:\/\/account.xiaomi.com\/pass\/register<\/p>\n<p>If you don\u2019t receive the confirmation SMS, then you can try making an account directly on https:\/\/account.xiaomi.com\/pass\/register<\/p>\n<\/li>\n<li>\n<h2>4. Conecta\u021bi br\u0103\u021bara la aplica\u021bie \/ Connect the tracker to the app<\/h2>\n<p>Porni\u021bi aplica\u021bia Mi Fit, activa\u021bi func\u021bia Bluetooth a telefonului \u0219i selecta\u021bi \u00een lista de dispozitive br\u0103\u021bara Mi. C\u00e2nd telefonul o detecteaz\u0103, br\u0103\u021bara vibreaz\u0103 u\u0219or, iar pe ecranul ei apare semnul de urm\u0103rire. Ap\u0103sa\u021bi pe butonul senzorului pentru a confirma conectarea. Dac\u0103 telefonul nu detecteaz\u0103 br\u0103\u021bara, asigura\u021bi-v\u0103 c\u0103 aceasta este \u00eenc\u0103rcat\u0103 \u0219i se afl\u0103 aproape de telefon. Din acest moment, br\u0103\u021bara r\u0103m\u00e2ne conectat\u0103 permanent la telefon \u0219i la aplica\u021bia Mi Fit, pe care o ve\u021bi putea folosi pentru a v\u0103 monitoriza nivelul de fitness \u0219i dup\u0103 finalul Walking Month.<\/p>\n<p>Start the Mi Fit app, activate your phone\u2019s Bluetooth connection and select your tracker in the device list. When detected by the phone, the bracelet will vibrate lightly and its screen will display the tracking symbol. Push the sensor button to confirm the connection. If the phone doesn\u2019t detect the tracker, make sure it\u2019s charged and close to the phone. From this moment on, the tracker will remain permanently connect to the phone and the Mi Fit app, which you can continue to use for your good health after Walking Month ends.<\/p>\n<\/li>\n<li>\n<h2>5. Instala\u021bi aplica\u021bia Walking Month \/ Install the Walking Month app<\/h2>\n<p>Instala\u021bi aplica\u021bia oficial\u0103 Walking Month din Google Play sau App Store. Aten\u021bie, este alt\u0103 aplica\u021bie dec\u00e2t cea a br\u0103\u021b\u0103rii; ve\u021bi avea nevoie de ea doar \u00een timpul concursului.<\/p>\n<p>Install the official Walking Month app from Google Play or App Store. Notice: this is a different app from Mi Fit; you\u2019ll only need it during the competition.<\/p>\n<p>Crea\u021bi un cont nou de utilizator, folosind o adres\u0103 de email \u0219i o parol\u0103. Alternativ, v\u0103 pute\u021bi folosi contul de Facebook sau de Google pentru a intra \u00een concurs. Urma\u021bi apoi ghidul de instalare, prin intermediul c\u0103ruia v\u0103 pute\u021bi alege un pachet de participare \u0219i pute\u021bi dona pentru cauza Walking Month.<\/p>\n<p>Create a new user account, using an email and password. Alternatively, you can use your Facebook or Google account to enter the competition. Then, follow the in-app guide that will allow you to choose a participation package and donate for the Walking Month cause.<\/p>\n<\/li>\n<li>\n<h2>6. Verifica\u021bi sincronizarea! \/ Sync check!<\/h2>\n<p>Aplica\u021bia Walking Month nu are acces direct la aplica\u021bia Mi Fit, ci preia datele din Google Fit (pentru telefoane cu Android) sau Apple Health (iPhone). De aceea, e important s\u0103 v\u0103 asigura\u021bi c\u0103 aplica\u021biile pot s\u0103 comunice \u00eentre ele.<\/p>\n<p>The Walking Month app doesn\u2019t have direct access to Mi Fit, instead reading the data from Google Fit (for Android phones) or Apple Health (iPhone). Therefore it\u2019s important to make sure these apps can communicate!<\/p>\n<\/li>\n<li>\n<h2>6a. Android: Configura\u021bi google fit \/ Set up google fit<\/h2>\n<p>Dup\u0103 deschiderea aplica\u021biei Walking Month, aceasta verific\u0103 dac\u0103 ave\u021bi Google Fit pe telefon \u0219i, dac\u0103 nu, solicit\u0103 instalarea acestui serviciu. Odat\u0103 instalat Google Fit:<\/p>\n<ul>\n<li>A. Intra\u021bi \u00een aplica\u021bia Google Fit din lista de aplica\u021bii.<\/li>\n<li>B. Alege\u021bi pe r\u00e2nd op\u021biunile Menu > Accounts > Sync with Google Fit \u0219i da\u021bi click pe op\u021biunea \u201cSync with Google Fit\u201d.<\/li>\n<li>C. Alege\u021bi contul de Google corect \u0219i oferi\u021bi-i permisiunile de acces necesare, ap\u0103s\u00e2nd pe \u201eOk\u201d sau \u201eAllow\u201d.<\/li>\n<\/ul>\n<p>When you open the Walking Month app, it will automatically check to see whether you have Google Fit on your device. It will prompt you to install this service if you don\u2019t. Once Google Fit is installed:<\/p>\n<ul>\n<li>A. Open the Google Fit app from the list of installed apps.<\/li>\n<li>B. Choose Menu > Accounts > Sync with Google Fit, and check \u201cSync with Google Fit\u201d.<\/li>\n<li>C. Choose the correct Google account and allow the necessary permission by tapping on \u201cOk\u201d or \u201cAllow\u201d.<\/li>\n<\/ul>\n<\/li>\n<li>\n<h2>6b. iPhone: Configura\u021bi Apple Health \/ Set up Apple Health<\/h2>\n<p>Serviciul Apple Health este preinstalat pe telefoanele iPhone, dar trebuie s\u0103 v\u0103 asigura\u021bi c\u0103 acesta poate citi num\u0103rul de pa\u0219i pe care l-a\u021bi f\u0103cut:<\/p>\n<ul>\n<li>A. Deschide\u021bi Mi Fit din lista de aplica\u021bii.<\/li>\n<li>B. Ap\u0103sa\u021bi pe Profile, apoi Add accounts \u0219i apoi pe Health.<\/li>\n<li>C. \u00cen cazul \u00een care telefonul v\u0103 cere s\u0103 autoriza\u021bi aplica\u021bia, oferi\u021bi-i permisiunile necesare.<\/li>\n<li>D. Deschide\u021bi Apple Health (\u201eS\u0103n\u0103tate\u201d) din lista de aplica\u021bii.<\/li>\n<li>E. Apasa\u021bi pe Sources (\u201eSurse\u201d) \u0219i verifica\u021bi s\u0103 apar\u0103 \u00een lista de aplica\u021bii \u0219i Mi Fit.<\/li>\n<li>F. Apasa\u021bi pe Mi Fit \u0219i verifica\u021bi s\u0103 existe acces pentru scriere \u0219i citire de Pa\u0219i (\u201eSteps\u201d).<\/li>\n<li>G. Ap\u0103sa\u021bi pe Health Data (\u201eDate s\u0103n\u0103tate\u201d) > Activity (\u201eActivitate\u201d) > Steps (\u201ePa\u0219i\u201d) ><br \/>\nData Sources &#038; Access (\u201eSurse de date \u0219i acces\u201d)<\/li>\n<li>H. Verifica\u021bi ca Mi Fit s\u0103 apar\u0103 \u00een lista \u201eApps allowed to read data\u201d (\u201eCitirea datelor este<br \/>\npermis\u0103 \u00een aceste aplica\u021bii\u201d) \u0219i s\u0103 fie activ\u0103.<\/li>\n<li>I. Ap\u0103sa\u021bi pe Edit (\u201eEdita\u021bi\u201d), iar \u00een sec\u021biunea Data Sources (\u201eSurse de date\u201d) glisa\u021bi<br \/>\naplica\u021bia Mi Fit astfel \u00eenc\u00e2t s\u0103 fie prima din list\u0103.<\/li>\n<li>J. Ap\u0103sa\u021bi OK.<\/li>\n<\/ul>\n<p>The Apple Health service comes preinstalled on iPhones, but you still have to check that it has the necessary permissions to read your steps:<\/p>\n<ul>\n<li>A. Open Mi Fit from the list of installed apps.<\/li>\n<li>B. Tap on Profile, Add accounts and choose Health.<\/li>\n<li>C. If the phone will ask you to authorise the application, grant the needed permissions.<\/li>\n<li>D. Open Apple Health from the list of installed apps.<\/li>\n<li>E. Tap on Sources and check for Mi Fit to be on the list.<\/li>\n<li>F. Tap on Mi Fit and check that it has read\/write access to the number of steps.<\/li>\n<li>G. Tap on Health Data > Activity > Steps > Data Sources &#038; Access.<\/li>\n<li>H. Check that Mi Fit is on the list \u201cApps allowed to read data\u201d and enabled.<\/li>\n<li>I. Tap on Edit and in the Data Sources section slide the Mi Fit app on the first position in the list.<\/li>\n<li>J. Tap Done.<\/li>\n<\/ul>\n<p><img loading=\"lazy\" decoding=\"async\" src=\"https:\/\/walkingmonth.ro\/wp-content\/uploads\/data-sources.jpg\" alt=\"\" width=\"381\" height=\"640\" class=\"alignnone size-full wp-image-8673\" srcset=\"https:\/\/walkingmonth.ro\/wp-content\/uploads\/data-sources.jpg 381w, https:\/\/walkingmonth.ro\/wp-content\/uploads\/data-sources-179x300.jpg 179w\" sizes=\"auto, (max-width: 381px) 100vw, 381px\" \/>\n<\/li>\n<li>\n<h2>7. Folosirea Mi Band \/ Using your Mi Band<\/h2>\n<p>Dup\u0103 conectarea cu aplica\u021bia Mi Fit, br\u0103\u021bara va \u00eencepe imediat s\u0103 v\u0103 analizeze mi\u0219carea, somnul \u0219i pulsul. Ap\u0103s\u00e2nd butonul senzorului, pute\u021bi verifica ora curent\u0103, num\u0103rul pa\u0219ilor efectua\u021bi \u0219i ritmul b\u0103t\u0103ilor inimii. Istoricul acestor informa\u021bii este salvat \u00een telefon. Aplica\u021bia Walking Month cite\u0219te de aici doar num\u0103rul de pa\u0219i.<\/p>\n<p>After connecting with the Mi Fit app, your tracker will immediately being analysing your movement, sleep and heart beat. By pressing the sensor button, you can check the current time, number of steps and number of heart beats per minute. The history of this information is saved in your phone. The Walking Month app only reads the number of steps.<\/p>\n<\/li>\n<li>\n<h2>8. Re\u00eenc\u0103rcarea br\u0103\u021b\u0103rii \/ Recharging your tracker<\/h2>\n<p>Dac\u0103 bateria este desc\u0103rcat\u0103, conecta\u021bi br\u0103\u021bara la \u00eenc\u0103rc\u0103tor conform ilustra\u021biei.<\/p>\n<p>If the battery is low, connect the tracker to the charger, according to the illustration.<\/p>\n<\/li>\n<\/ol>\n<style>\n.wmBandGuideTitle{ \nline-height: 1.1;\nmargin: 0 0 1rem 0 !important; }\n.wmBandGuideList{ \nlist-style: none;\nmargin: 0;\npadding: 0; }\n.wmBandGuideList > *{ \nborder-top: 1px solid hsla(212deg, 5%, 31%, 0.2);\nclear: both;\nmargin-top: 5rem; }\n.wmBandGuideList h2{ \nfont-weight: bold;\nletter-spacing: 0;\nmargin-bottom: 1rem; }\n.wmBandGuideSubList{ \nalign-items: center;\ndisplay: flex;\ngap: 10rem; }\n.wmBandGuideMiApp{ width: 45em; }\n.wmBandGuideMiApp p{ display: table; }\n.wmBandGuideMiApp img{ float: right; } \n@media screen and (max-width: 60em){\n.wmBandGuideSubList{\nflex-direction: column;\ngap: 3rem;\n}\n.wmBandGuideList img{ \nheight: auto;\nmax-width: 12em; \n}\n.wmBandGuideList h2{\nfont-size: 2.5rem;\nline-height: 1.2;\n}\n.wmBandGuideMiApp{ width: 100%; }\n}\n<\/style>","protected":false},"excerpt":{"rendered":"<p>Instruc\u021biuni de utilizare pas cu pas \/ Step-by-step user guide 1. Asambla\u021bi br\u0103\u021bara \/ Assemble your band 2. Instala\u021bi aplica\u021bia&#8230;<\/p>","protected":false},"author":3,"featured_media":0,"parent":0,"menu_order":0,"comment_status":"closed","ping_status":"closed","template":"","meta":{"footnotes":""},"class_list":["post-8646","page","type-page","status-publish"],"_links":{"self":[{"href":"https:\/\/walkingmonth.ro\/en\/wp-json\/wp\/v2\/pages\/8646","targetHints":{"allow":["GET"]}}],"collection":[{"href":"https:\/\/walkingmonth.ro\/en\/wp-json\/wp\/v2\/pages"}],"about":[{"href":"https:\/\/walkingmonth.ro\/en\/wp-json\/wp\/v2\/types\/page"}],"author":[{"embeddable":true,"href":"https:\/\/walkingmonth.ro\/en\/wp-json\/wp\/v2\/users\/3"}],"replies":[{"embeddable":true,"href":"https:\/\/walkingmonth.ro\/en\/wp-json\/wp\/v2\/comments?post=8646"}],"version-history":[{"count":41,"href":"https:\/\/walkingmonth.ro\/en\/wp-json\/wp\/v2\/pages\/8646\/revisions"}],"predecessor-version":[{"id":8692,"href":"https:\/\/walkingmonth.ro\/en\/wp-json\/wp\/v2\/pages\/8646\/revisions\/8692"}],"wp:attachment":[{"href":"https:\/\/walkingmonth.ro\/en\/wp-json\/wp\/v2\/media?parent=8646"}],"curies":[{"name":"wp","href":"https:\/\/api.w.org\/{rel}","templated":true}]}}