{"id":3920,"date":"2021-09-08T19:09:38","date_gmt":"2021-09-08T16:09:38","guid":{"rendered":"https:\/\/walkingmonth.ro\/?page_id=3920"},"modified":"2024-08-28T16:24:00","modified_gmt":"2024-08-28T13:24:00","slug":"tutorial-cum-sa-creezi-si-activezi-un-cont","status":"publish","type":"page","link":"https:\/\/walkingmonth.ro\/en\/tutorial-cum-sa-creezi-si-activezi-un-cont\/","title":{"rendered":"Tutorial: How to create and activate your account"},"content":{"rendered":"<div class=\"wpb-content-wrapper\"><div id=\"vc_row-69e122f9c58f3\" class=\"vc_row wpb_row vc_row-fluid thegem-custom-69e122f9c58dd3854\"><div class=\"wpb_column vc_column_container vc_col-sm-12 thegem-custom-69e122f9c59f02164\" ><div class=\"vc_column-inner thegem-custom-inner-69e122f9c59f2\"><div class=\"wpb_wrapper thegem-custom-69e122f9c59f02164\"><h2 style=\"text-align: left\" class=\"vc_custom_heading\" >Cum s\u0103 \u00ee\u021bi creezi \u0219i activezi un cont<\/h2>\r\n\t\r\n\t\t<div class=\"wpb_text_column wpb_content_element  thegem-vc-text thegem-custom-69e122f9c5d679698\"  >\r\n\t\t\t<div class=\"wpb_wrapper\">\r\n\t\t\t\t<div class=\"styled-subtitle\">Prima dat\u0103 la Walking Month? Bine ai venit \u0219i mul\u021bumim pentru c\u0103 ai decis s\u0103 te implici! \u00cen aceast\u0103 pagin\u0103, \u00ee\u021bi vom ar\u0103ta cum s\u0103 descarci aplica\u021bia \u0219i s\u0103 \u00ee\u021bi creezi un cont nou de utilizator, pentru a intra \u00een concurs.<\/div>\n\r\n\t\t\t<\/div>\r\n\t\t\t\r\n\t\t<\/div>\r\n\t\r\n<\/div><\/div><\/div><\/div><div id=\"vc_row-69e122f9c5e29\" class=\"vc_row wpb_row vc_row-fluid thegem-custom-69e122f9c5e1f4552\"><div class=\"wpb_column vc_column_container vc_col-sm-8 thegem-custom-69e122f9c5ece746\" ><div class=\"vc_column-inner thegem-custom-inner-69e122f9c5ecf\"><div class=\"wpb_wrapper thegem-custom-69e122f9c5ece746\">\r\n\t\r\n\t\t<div class=\"wpb_text_column wpb_content_element  thegem-vc-text thegem-custom-69e122f9c60362583\"  >\r\n\t\t\t<div class=\"wpb_wrapper\">\r\n\t\t\t\t<h3><strong>Pasul 1.<\/strong> Descarc\u0103 aplica\u021bia Walking Month<\/h3>\n<p>Dac\u0103 ai iPhone, vei g\u0103si aplica\u021bia \u00een App Store; dac\u0103 telefonul t\u0103u are ca sistem de operare Android, destina\u021bia potrivit\u0103 este Google Play.<\/p>\n<p>Deschide aceast\u0103 pagin\u0103 pe telefonul mobil \u0219i d\u0103 click pe butonul potrivit pentru a desc\u0103rca aplica\u021bia Walking Month.<\/p>\n\r\n\t\t\t<\/div>\r\n\t\t\t\r\n\t\t<\/div>\r\n\t\r\n<\/div><\/div><\/div><div class=\"wpb_column vc_column_container vc_col-sm-4 thegem-custom-69e122f9c60e7927\" ><div class=\"vc_column-inner thegem-custom-inner-69e122f9c60e9\"><div class=\"wpb_wrapper thegem-custom-69e122f9c60e7927\">\r\n\t\r\n\t<div  class=\"wpb_single_image wpb_content_element vc_align_center\" >\r\n\t\t\r\n\t\t<figure class=\"wpb_wrapper vc_figure\">\r\n\t\t\t<a href=\"https:\/\/bit.ly\/Walking2021\" target=\"_blank\" class=\"vc_single_image-wrapper   vc_box_border_grey\"><img loading=\"lazy\" decoding=\"async\" width=\"250\" height=\"74\" src=\"https:\/\/walkingmonth.ro\/wp-content\/uploads\/apple-appstore-badge-1.png\" class=\"vc_single_image-img attachment-medium\" alt=\"\" title=\"apple-appstore-badge\" \/><\/a>\r\n\t\t<\/figure>\r\n\t<\/div>\r\n\t\r\n\r\n\t\r\n\t<div  class=\"wpb_single_image wpb_content_element vc_align_center\" >\r\n\t\t\r\n\t\t<figure class=\"wpb_wrapper vc_figure\">\r\n\t\t\t<a href=\"https:\/\/bit.ly\/WM2021G\" target=\"_blank\" class=\"vc_single_image-wrapper   vc_box_border_grey\"><img loading=\"lazy\" decoding=\"async\" width=\"250\" height=\"74\" src=\"https:\/\/walkingmonth.ro\/wp-content\/uploads\/google-play-badge-1.png\" class=\"vc_single_image-img attachment-medium\" alt=\"\" title=\"google-play-badge\" \/><\/a>\r\n\t\t<\/figure>\r\n\t<\/div>\r\n\t\r\n<\/div><\/div><\/div><\/div><div id=\"vc_row-69e122f9c6bf6\" class=\"vc_row wpb_row vc_row-fluid thegem-custom-69e122f9c6be99498\"><div class=\"wpb_column vc_column_container vc_col-sm-4 thegem-custom-69e122f9c6caf4101\" ><div class=\"vc_column-inner thegem-custom-inner-69e122f9c6cb0\"><div class=\"wpb_wrapper thegem-custom-69e122f9c6caf4101\">\r\n\t\r\n\t\t<div class=\"wpb_text_column wpb_content_element  thegem-vc-text thegem-custom-69e122f9c6dea412\"  >\r\n\t\t\t<div class=\"wpb_wrapper\">\r\n\t\t\t\t<h3><strong>Pasul 2.<\/strong> Creeaz\u0103-\u021bi un cont<\/h3>\n<p>Deschide aplica\u021bia nou instalat\u0103; dac\u0103 e cea corect\u0103, te \u00eent\u00e2mpin\u0103 cu un ecran cu logo-ul Walking Month \u0219i data de start a sezonului curent.<\/p>\n<p>Primele op\u021biuni de sus sunt pentru utilizatorii existen\u021bi; ca s\u0103 porne\u0219ti la drum, va fi nevoie s\u0103 \u00ee\u021bi creezi un cont. Apas\u0103 pe butonul <strong>\u00ceNREGISTRARE \/ REGISTER A NEW ACCOUNT<\/strong> pentru a continua.<\/p>\n<p><em>Dac\u0103 vrei s\u0103 afli mai multe despre Walking Month f\u0103r\u0103 s\u0103 te \u00eenregistrezi, ai aceast\u0103 op\u021biune \u00een josul paginii.<\/em><\/p>\n\r\n\t\t\t<\/div>\r\n\t\t\t\r\n\t\t<\/div>\r\n\t\r\n<\/div><\/div><\/div><div class=\"wpb_column vc_column_container vc_col-sm-4 thegem-custom-69e122f9c6ec3737\" ><div class=\"vc_column-inner thegem-custom-inner-69e122f9c6ec5\"><div class=\"wpb_wrapper thegem-custom-69e122f9c6ec3737\">\r\n\t\r\n\t<div  class=\"wpb_single_image wpb_content_element vc_align_left\" >\r\n\t\t\r\n\t\t<figure class=\"wpb_wrapper vc_figure\">\r\n\t\t\t<div class=\"vc_single_image-wrapper   vc_box_border_grey\"><img loading=\"lazy\" decoding=\"async\" data-vc-zoom=\"https:\/\/walkingmonth.ro\/wp-content\/uploads\/season10-488x1024.jpg\" width=\"1170\" height=\"2453\" src=\"https:\/\/walkingmonth.ro\/wp-content\/uploads\/season10.jpg\" class=\"vc_single_image-img attachment-full\" alt=\"\" title=\"season10\" srcset=\"https:\/\/walkingmonth.ro\/wp-content\/uploads\/season10.jpg 1170w, https:\/\/walkingmonth.ro\/wp-content\/uploads\/season10-143x300.jpg 143w, https:\/\/walkingmonth.ro\/wp-content\/uploads\/season10-488x1024.jpg 488w, https:\/\/walkingmonth.ro\/wp-content\/uploads\/season10-768x1610.jpg 768w, https:\/\/walkingmonth.ro\/wp-content\/uploads\/season10-733x1536.jpg 733w, https:\/\/walkingmonth.ro\/wp-content\/uploads\/season10-977x2048.jpg 977w\" sizes=\"auto, (max-width: 1170px) 100vw, 1170px\" \/><\/div>\r\n\t\t<\/figure>\r\n\t<\/div>\r\n\t\r\n<\/div><\/div><\/div><div class=\"wpb_column vc_column_container vc_col-sm-4 thegem-custom-69e122f9c75147047\" ><div class=\"vc_column-inner thegem-custom-inner-69e122f9c7517\"><div class=\"wpb_wrapper thegem-custom-69e122f9c75147047\">\r\n\t\r\n\t<div  class=\"wpb_single_image wpb_content_element vc_align_left\" >\r\n\t\t\r\n\t\t<figure class=\"wpb_wrapper vc_figure\">\r\n\t\t\t<div class=\"vc_single_image-wrapper   vc_box_border_grey\"><img loading=\"lazy\" decoding=\"async\" data-vc-zoom=\"https:\/\/walkingmonth.ro\/wp-content\/uploads\/login-497x1024.jpg\" width=\"1242\" height=\"2560\" src=\"https:\/\/walkingmonth.ro\/wp-content\/uploads\/login-scaled.jpg\" class=\"vc_single_image-img attachment-full\" alt=\"\" title=\"login\" srcset=\"https:\/\/walkingmonth.ro\/wp-content\/uploads\/login-scaled.jpg 1242w, https:\/\/walkingmonth.ro\/wp-content\/uploads\/login-146x300.jpg 146w, https:\/\/walkingmonth.ro\/wp-content\/uploads\/login-497x1024.jpg 497w, https:\/\/walkingmonth.ro\/wp-content\/uploads\/login-768x1583.jpg 768w, https:\/\/walkingmonth.ro\/wp-content\/uploads\/login-745x1536.jpg 745w, https:\/\/walkingmonth.ro\/wp-content\/uploads\/login-994x2048.jpg 994w\" sizes=\"auto, (max-width: 1242px) 100vw, 1242px\" \/><\/div>\r\n\t\t<\/figure>\r\n\t<\/div>\r\n\t\r\n<\/div><\/div><\/div><\/div><div id=\"vc_row-69e122f9c7b78\" class=\"vc_row wpb_row vc_row-fluid thegem-custom-69e122f9c7b6e9651\"><div class=\"wpb_column vc_column_container vc_col-sm-8 thegem-custom-69e122f9c7c804412\" ><div class=\"vc_column-inner thegem-custom-inner-69e122f9c7c82\"><div class=\"wpb_wrapper thegem-custom-69e122f9c7c804412\">\r\n\t\r\n\t\t<div class=\"wpb_text_column wpb_content_element  thegem-vc-text thegem-custom-69e122f9c7deb9611\"  >\r\n\t\t\t<div class=\"wpb_wrapper\">\r\n\t\t\t\t<h3><strong>Pasul 3.<\/strong> Introdu datele contului<\/h3>\n<p>Fiecare concurent Walking Month este identificat prin email, care ne permite \u0219i s\u0103 p\u0103str\u0103m leg\u0103tura \u0219i s\u0103 confirm\u0103m cele mai importante informa\u021bii, precum pl\u0103\u021bile. Pentru a crea un cont nou, introdu emailul pe care vrei s\u0103 \u00eel folose\u0219ti. Seteaz\u0103 o parol\u0103 c\u00e2t mai sigur\u0103 (nu repeta parole din alt\u0103 parte!).<\/p>\n<h4>Cu ce \u00ee\u021bi exprimi acordul aici?<\/h4>\n<p>Dac\u0103 intri \u00een concurs, ne vei transmite nu doar nume, prenume sau email, ci \u0219i date precum num\u0103rul zilnic de pa\u0219i, esen\u021ba concursului Walking Month. Bifeaz\u0103 prima op\u021biune pentru a-\u021bi exprima acordul cu <a href=\"https:\/\/walkingmonth.ro\/en\/regulamentul-de-desfasurare-a-concursului\/\" target=\"_blank\" rel=\"noopener\">Regulamentul concursului<\/a> \u0219i <a href=\"https:\/\/walkingmonth.ro\/en\/notificare-prelucrare-date-caracter-personal\/\">Politica de date personale<\/a> \u0219i a putea intra \u00een concurs.<\/p>\n<p>Urm\u0103toarele sunt op\u021bionale, dar utile:<\/p>\n<ul>\n<li><strong>Notific\u0103ri pe telefon<\/strong> &#8211; aplica\u021bia Walking Month va putea s\u0103 \u00ee\u021bi atrag\u0103 aten\u021bia cu notific\u0103ri de tip push. Ele includ \u0219tiri din concurs \u0219i o func\u021bie foarte util\u0103: s\u0103 \u00ee\u021bi amintim s\u0103 sincronizezi pa\u0219ii, pentru a nu-i pierde!<\/li>\n<li><strong>Emailuri<\/strong> &#8211; dac\u0103 ne dai voie s\u0103 te contact\u0103m prin email, vei primi \u0219tiri din concurs (de regul\u0103, s\u0103pt\u0103m\u00e2nal \u00een timpul competi\u021biei \u0219i \u00een rest doar dac\u0103 e necesar). Cu aceast\u0103 op\u021biune ne vei da voie s\u0103 \u00ee\u021bi trimitem lucruri precum codurile de reduceri oferite doar pentru concuren\u021bii Walking Month, adic\u0103 pe care nu le putem face publice pe Facebook.<\/li>\n<\/ul>\n\r\n\t\t\t<\/div>\r\n\t\t\t\r\n\t\t<\/div>\r\n\t\r\n<\/div><\/div><\/div><div class=\"wpb_column vc_column_container vc_col-sm-4 thegem-custom-69e122f9c7f10460\" ><div class=\"vc_column-inner thegem-custom-inner-69e122f9c7f12\"><div class=\"wpb_wrapper thegem-custom-69e122f9c7f10460\">\r\n\t\r\n\t<div  class=\"wpb_single_image wpb_content_element vc_align_left\" >\r\n\t\t\r\n\t\t<figure class=\"wpb_wrapper vc_figure\">\r\n\t\t\t<div class=\"vc_single_image-wrapper   vc_box_border_grey\"><img loading=\"lazy\" decoding=\"async\" width=\"1274\" height=\"2560\" src=\"https:\/\/walkingmonth.ro\/wp-content\/uploads\/register-scaled.jpg\" class=\"vc_single_image-img attachment-full\" alt=\"\" title=\"register\" srcset=\"https:\/\/walkingmonth.ro\/wp-content\/uploads\/register-scaled.jpg 1274w, https:\/\/walkingmonth.ro\/wp-content\/uploads\/register-149x300.jpg 149w, https:\/\/walkingmonth.ro\/wp-content\/uploads\/register-510x1024.jpg 510w, https:\/\/walkingmonth.ro\/wp-content\/uploads\/register-768x1543.jpg 768w, https:\/\/walkingmonth.ro\/wp-content\/uploads\/register-765x1536.jpg 765w, https:\/\/walkingmonth.ro\/wp-content\/uploads\/register-1019x2048.jpg 1019w\" sizes=\"auto, (max-width: 1274px) 100vw, 1274px\" \/><\/div>\r\n\t\t<\/figure>\r\n\t<\/div>\r\n\t\r\n<\/div><\/div><\/div><\/div><div id=\"vc_row-69e122f9c84c4\" class=\"vc_row wpb_row vc_row-fluid thegem-custom-69e122f9c84bb2859\"><div class=\"wpb_column vc_column_container vc_col-sm-8 thegem-custom-69e122f9c856e1130\" ><div class=\"vc_column-inner thegem-custom-inner-69e122f9c856f\"><div class=\"wpb_wrapper thegem-custom-69e122f9c856e1130\">\r\n\t\r\n\t\t<div class=\"wpb_text_column wpb_content_element  thegem-vc-text thegem-custom-69e122f9c86f68437\"  >\r\n\t\t\t<div class=\"wpb_wrapper\">\r\n\t\t\t\t<h3><strong>Pasul 4.<\/strong> Confirm\u0103 adresa de email<\/h3>\n<p>Odat\u0103 ce ai parcurs pa\u0219ii anteriori, aplica\u021bia va trimite un email c\u0103tre adresa introdus\u0103.<\/p>\n<p>Deschide aplica\u021bia de email \u0219i mesajul nostru (po\u021bi face acest lucru pe telefon sau pe orice alt dispozitiv). Emailul cuprinde un link pe care trebuie s\u0103 ape\u0219i pentru a confirma c\u0103 adresa de email introdus\u0103 \u00een aplica\u021bie \u00ee\u021bi apar\u021bine. Urmeaz\u0103 linkul \u0219i vei primi un mesaj de confirmare.<\/p>\n<p><strong>PROTIP:<\/strong> Profit\u0103 de prilej \u0219i adaug\u0103 adresa <em>contact@walkingmonth.ro<\/em> \u00een Agend\u0103 \/ Contacte. \u00cen acest fel, e mult mai pu\u021bin probabil ca mesajele noastre s\u0103 ajung\u0103 \u00een spam.\u00a0 Nu risca s\u0103 pierzi mailuri precum nout\u0103\u021bi \u0219i concursuri \u00een timpul competi\u021biei!<\/p>\n\r\n\t\t\t<\/div>\r\n\t\t\t\r\n\t\t<\/div>\r\n\t\r\n<\/div><\/div><\/div><div class=\"wpb_column vc_column_container vc_col-sm-4 thegem-custom-69e122f9c87a92893\" ><div class=\"vc_column-inner thegem-custom-inner-69e122f9c87ab\"><div class=\"wpb_wrapper thegem-custom-69e122f9c87a92893\">\r\n\t\r\n\t<div  class=\"wpb_single_image wpb_content_element vc_align_left\" >\r\n\t\t\r\n\t\t<figure class=\"wpb_wrapper vc_figure\">\r\n\t\t\t<div class=\"vc_single_image-wrapper   vc_box_border_grey\"><img decoding=\"async\" class=\"vc_single_image-img\" src=\"https:\/\/walkingmonth.ro\/wp-content\/uploads\/almost-ready-scaled-273x600.jpg\" width=\"273\" height=\"600\" alt=\"almost-ready\" title=\"almost-ready\" loading=\"lazy\" \/><\/div>\r\n\t\t<\/figure>\r\n\t<\/div>\r\n\t\r\n<\/div><\/div><\/div><\/div><div id=\"vc_row-69e122f9c8cdd\" class=\"vc_row wpb_row vc_row-fluid thegem-custom-69e122f9c8cd41477\"><div class=\"wpb_column vc_column_container vc_col-sm-4 thegem-custom-69e122f9c8d861383\" ><div class=\"vc_column-inner thegem-custom-inner-69e122f9c8d87\"><div class=\"wpb_wrapper thegem-custom-69e122f9c8d861383\">\r\n\t\r\n\t\t<div class=\"wpb_text_column wpb_content_element  thegem-vc-text thegem-custom-69e122f9c8e379889\"  >\r\n\t\t\t<div class=\"wpb_wrapper\">\r\n\t\t\t\t<h3><strong>Pasul 5. Descoper\u0103 cauza pe care o sus\u021binem<br \/>\n<\/strong><\/h3>\n<p>Odat\u0103 ce ai creat contul, profit\u0103 de ocazie \u0219i apas\u0103 de \u201eCauza din 2021\u201d pentru a descoperi proiectul caritabil pe care Walking Month \u00eel sus\u021bine la aceast\u0103 edi\u021bie. Avem o pagin\u0103 dedicat\u0103 proiectului \u0219i sper\u0103m ca aceste informa\u021bii s\u0103 te conving\u0103 s\u0103 \u00eel sus\u021bii.<\/p>\n<p><strong>100% din taxele de participare reprezint\u0103 dona\u021bii pentru asocia\u021bia non-profit partener\u0103 <\/strong>(organizatorii Walking Month acoper\u0103 inclusiv costurile comisioanelor bancare, astfel \u00eenc\u00e2t fiecare b\u0103nu\u021b s\u0103 conteze!).<\/p>\n<p>C\u00e2nd e\u0219ti gata, apas\u0103 pe <strong>Activeaz\u0103-\u021bi contul<\/strong>.<\/p>\n\r\n\t\t\t<\/div>\r\n\t\t\t\r\n\t\t<\/div>\r\n\t\r\n<\/div><\/div><\/div><div class=\"wpb_column vc_column_container vc_col-sm-4 thegem-custom-69e122f9c8f278675\" ><div class=\"vc_column-inner thegem-custom-inner-69e122f9c8f29\"><div class=\"wpb_wrapper thegem-custom-69e122f9c8f278675\">\r\n\t\r\n\t<div  class=\"wpb_single_image wpb_content_element vc_align_left\" >\r\n\t\t\r\n\t\t<figure class=\"wpb_wrapper vc_figure\">\r\n\t\t\t<div class=\"vc_single_image-wrapper   vc_box_border_grey\"><img loading=\"lazy\" decoding=\"async\" width=\"573\" height=\"1200\" src=\"https:\/\/walkingmonth.ro\/wp-content\/uploads\/phone-00023.png\" class=\"vc_single_image-img attachment-full\" alt=\"\" title=\"phone-00023\" srcset=\"https:\/\/walkingmonth.ro\/wp-content\/uploads\/phone-00023.png 573w, https:\/\/walkingmonth.ro\/wp-content\/uploads\/phone-00023-143x300.png 143w, https:\/\/walkingmonth.ro\/wp-content\/uploads\/phone-00023-489x1024.png 489w\" sizes=\"auto, (max-width: 573px) 100vw, 573px\" \/><\/div>\r\n\t\t<\/figure>\r\n\t<\/div>\r\n\t\r\n<\/div><\/div><\/div><div class=\"wpb_column vc_column_container vc_col-sm-4 thegem-custom-69e122f9c94c62511\" ><div class=\"vc_column-inner thegem-custom-inner-69e122f9c94c8\"><div class=\"wpb_wrapper thegem-custom-69e122f9c94c62511\">\r\n\t\r\n\t<div  class=\"wpb_single_image wpb_content_element vc_align_left\" >\r\n\t\t\r\n\t\t<figure class=\"wpb_wrapper vc_figure\">\r\n\t\t\t<div class=\"vc_single_image-wrapper   vc_box_border_grey\"><img loading=\"lazy\" decoding=\"async\" width=\"1117\" height=\"2325\" src=\"https:\/\/walkingmonth.ro\/wp-content\/uploads\/season10-cause.jpg\" class=\"vc_single_image-img attachment-full\" alt=\"\" title=\"season10-cause\" srcset=\"https:\/\/walkingmonth.ro\/wp-content\/uploads\/season10-cause.jpg 1117w, https:\/\/walkingmonth.ro\/wp-content\/uploads\/season10-cause-144x300.jpg 144w, https:\/\/walkingmonth.ro\/wp-content\/uploads\/season10-cause-492x1024.jpg 492w, https:\/\/walkingmonth.ro\/wp-content\/uploads\/season10-cause-768x1599.jpg 768w, https:\/\/walkingmonth.ro\/wp-content\/uploads\/season10-cause-738x1536.jpg 738w, https:\/\/walkingmonth.ro\/wp-content\/uploads\/season10-cause-984x2048.jpg 984w\" sizes=\"auto, (max-width: 1117px) 100vw, 1117px\" \/><\/div>\r\n\t\t<\/figure>\r\n\t<\/div>\r\n\t\r\n<\/div><\/div><\/div><\/div><div id=\"vc_row-69e122f9c9a6d\" class=\"vc_row wpb_row vc_row-fluid thegem-custom-69e122f9c9a648902\"><div class=\"wpb_column vc_column_container vc_col-sm-4 thegem-custom-69e122f9c9b1c6694\" ><div class=\"vc_column-inner thegem-custom-inner-69e122f9c9b1d\"><div class=\"wpb_wrapper thegem-custom-69e122f9c9b1c6694\">\r\n\t\r\n\t\t<div class=\"wpb_text_column wpb_content_element  thegem-vc-text thegem-custom-69e122f9c9c436943\"  >\r\n\t\t\t<div class=\"wpb_wrapper\">\r\n\t\t\t\t<h3><strong>Pasul 6. Activeaz\u0103 contul printr-o dona\u021bie<\/strong><\/h3>\n<p>Ne dorim ca Walking Month s\u0103 fie un concurs accesibil, \u00een care c\u00e2t mai mul\u021bi oameni s\u0103 se poat\u0103 implica u\u0219or, av\u00e2nd \u00een acela\u0219i timp op\u021biuni \u0219i pentru cei care vor s\u0103 doneze \u0219i s\u0103 ajute mai mult.<\/p>\n<p>De aceea, \u00een fiecare an sunt disponibile diverse pachete de participare. Acestea pot con\u021bine sau nu o br\u0103\u021bar\u0103 fitness, precum \u0219i alte cadouri de participare. \u00cen aplica\u021bie, vei g\u0103si descrierea detaliat\u0103 a fiec\u0103rui pachet.<\/p>\n<p>Odat\u0103 ce alegi pachetul, aplica\u021bia \u00ee\u021bi va solicita s\u0103 \u00ee\u021bi confirmi selec\u021bia \u0219i, odat\u0103 f\u0103cut acest lucru, te va direc\u021biona pe pagina de plat\u0103. Po\u021bi observa c\u0103 plata este gestionat\u0103 de un procesator specializat \u0219i sigur &#8211; datele cardului nu ajung la noi -, dar \u0219i faptul c\u0103 <strong>plata reprezint\u0103 o dona\u021bie direct \u00een contul special deschis de asocia\u021bia partener\u0103 pentru proiect.<br \/>\n<\/strong><\/p>\n<p>Introdu datele cardului \u0219i confirm\u0103 plata. Mul\u021bumim pentru c\u0103 ai ales s\u0103 aju\u021bi!<\/p>\n\r\n\t\t\t<\/div>\r\n\t\t\t\r\n\t\t<\/div>\r\n\t\r\n<\/div><\/div><\/div><div class=\"wpb_column vc_column_container vc_col-sm-4 thegem-custom-69e122f9c9d18640\" ><div class=\"vc_column-inner thegem-custom-inner-69e122f9c9d1a\"><div class=\"wpb_wrapper thegem-custom-69e122f9c9d18640\">\r\n\t\r\n\t<div  class=\"wpb_single_image wpb_content_element vc_align_left\" >\r\n\t\t\r\n\t\t<figure class=\"wpb_wrapper vc_figure\">\r\n\t\t\t<div class=\"vc_single_image-wrapper   vc_box_border_grey\"><img loading=\"lazy\" decoding=\"async\" width=\"750\" height=\"1044\" src=\"https:\/\/walkingmonth.ro\/wp-content\/uploads\/pachet-vip.jpg\" class=\"vc_single_image-img attachment-full\" alt=\"\" title=\"pachet-vip\" srcset=\"https:\/\/walkingmonth.ro\/wp-content\/uploads\/pachet-vip.jpg 750w, https:\/\/walkingmonth.ro\/wp-content\/uploads\/pachet-vip-216x300.jpg 216w, https:\/\/walkingmonth.ro\/wp-content\/uploads\/pachet-vip-736x1024.jpg 736w\" sizes=\"auto, (max-width: 750px) 100vw, 750px\" \/><\/div>\r\n\t\t<\/figure>\r\n\t<\/div>\r\n\t\r\n<\/div><\/div><\/div><div class=\"wpb_column vc_column_container vc_col-sm-4 thegem-custom-69e122f9ca2956902\" ><div class=\"vc_column-inner thegem-custom-inner-69e122f9ca297\"><div class=\"wpb_wrapper thegem-custom-69e122f9ca2956902\">\r\n\t\r\n\t<div  class=\"wpb_single_image wpb_content_element vc_align_left\" >\r\n\t\t\r\n\t\t<figure class=\"wpb_wrapper vc_figure\">\r\n\t\t\t<div class=\"vc_single_image-wrapper   vc_box_border_grey\"><img loading=\"lazy\" decoding=\"async\" width=\"750\" height=\"762\" src=\"https:\/\/walkingmonth.ro\/wp-content\/uploads\/pachet-premium.jpg\" class=\"vc_single_image-img attachment-full\" alt=\"\" title=\"pachet-premium\" srcset=\"https:\/\/walkingmonth.ro\/wp-content\/uploads\/pachet-premium.jpg 750w, https:\/\/walkingmonth.ro\/wp-content\/uploads\/pachet-premium-295x300.jpg 295w\" sizes=\"auto, (max-width: 750px) 100vw, 750px\" \/><\/div>\r\n\t\t<\/figure>\r\n\t<\/div>\r\n\t\r\n\r\n\t\r\n\t<div  class=\"wpb_single_image wpb_content_element vc_align_left\" >\r\n\t\t\r\n\t\t<figure class=\"wpb_wrapper vc_figure\">\r\n\t\t\t<div class=\"vc_single_image-wrapper   vc_box_border_grey\"><img loading=\"lazy\" decoding=\"async\" width=\"750\" height=\"477\" src=\"https:\/\/walkingmonth.ro\/wp-content\/uploads\/pachet-basic.jpg\" class=\"vc_single_image-img attachment-full\" alt=\"\" title=\"pachet-basic\" srcset=\"https:\/\/walkingmonth.ro\/wp-content\/uploads\/pachet-basic.jpg 750w, https:\/\/walkingmonth.ro\/wp-content\/uploads\/pachet-basic-300x191.jpg 300w\" sizes=\"auto, (max-width: 750px) 100vw, 750px\" \/><\/div>\r\n\t\t<\/figure>\r\n\t<\/div>\r\n\t\r\n<\/div><\/div><\/div><\/div><div id=\"vc_row-69e122f9cabde\" class=\"vc_row wpb_row vc_row-fluid thegem-custom-69e122f9cabd44432\"><div class=\"wpb_column vc_column_container vc_col-sm-8 thegem-custom-69e122f9cac8c2426\" ><div class=\"vc_column-inner thegem-custom-inner-69e122f9cac8d\"><div class=\"wpb_wrapper thegem-custom-69e122f9cac8c2426\">\r\n\t\r\n\t\t<div class=\"wpb_text_column wpb_content_element  thegem-vc-text thegem-custom-69e122f9cade1146\"  >\r\n\t\t\t<div class=\"wpb_wrapper\">\r\n\t\t\t\t<h3><strong>Pasul 7. E\u0219ti gata s\u0103 porne\u0219ti la drum!<br \/>\n<\/strong><\/h3>\n<p>Cu un cont activ, acum vei putea:<\/p>\n<ul>\n<li>s\u0103 creezi o echip\u0103 &#8211; vei deveni c\u0103pitan \u0219i vei putea invita al\u021bi membri direct din aplica\u021bie<\/li>\n<li>s\u0103 te al\u0103turi unei echipe create de altcineva &#8211; accept\u0103 o invita\u021bie primit\u0103 \u00een aplica\u021bie<\/li>\n<li>s\u0103 ceri s\u0103 te aloc\u0103m \u00eentr-o echip\u0103 creat\u0103 aleatoriu, al\u0103turi de al\u021bi concuren\u021bi care doresc acela\u0219i lucru<\/li>\n<li>s\u0103 alegi s\u0103 nu faci parte din nicio echip\u0103.<\/li>\n<\/ul>\n<p>De asemenea, \u00ee\u021bi po\u021bi seta o notificare care s\u0103 te anun\u021be c\u0103 a \u00eenceput competi\u021bia, pentru a fi gata la start!<\/p>\n\r\n\t\t\t<\/div>\r\n\t\t\t\r\n\t\t<\/div>\r\n\t\r\n<\/div><\/div><\/div><div class=\"wpb_column vc_column_container vc_col-sm-4 thegem-custom-69e122f9cae912794\" ><div class=\"vc_column-inner thegem-custom-inner-69e122f9cae92\"><div class=\"wpb_wrapper thegem-custom-69e122f9cae912794\">\r\n\t\r\n\t<div  class=\"wpb_single_image wpb_content_element vc_align_left\" >\r\n\t\t\r\n\t\t<figure class=\"wpb_wrapper vc_figure\">\r\n\t\t\t<div class=\"vc_single_image-wrapper   vc_box_border_grey\"><img decoding=\"async\" class=\"vc_single_image-img\" src=\"https:\/\/walkingmonth.ro\/wp-content\/uploads\/phone-00023-273x600.png\" width=\"273\" height=\"600\" alt=\"phone-00023\" title=\"phone-00023\" loading=\"lazy\" \/><\/div>\r\n\t\t<\/figure>\r\n\t<\/div>\r\n\t\r\n<\/div><\/div><\/div><\/div>\n<\/div>","protected":false},"excerpt":{"rendered":"Cum s\u0103 \u00ee\u021bi creezi \u0219i activezi un cont Prima dat\u0103 la Walking Month? Bine ai venit \u0219i mul\u021bumim pentru c\u0103...","protected":false},"author":2,"featured_media":0,"parent":0,"menu_order":0,"comment_status":"closed","ping_status":"closed","template":"","meta":{"footnotes":""},"class_list":["post-3920","page","type-page","status-publish"],"_links":{"self":[{"href":"https:\/\/walkingmonth.ro\/en\/wp-json\/wp\/v2\/pages\/3920","targetHints":{"allow":["GET"]}}],"collection":[{"href":"https:\/\/walkingmonth.ro\/en\/wp-json\/wp\/v2\/pages"}],"about":[{"href":"https:\/\/walkingmonth.ro\/en\/wp-json\/wp\/v2\/types\/page"}],"author":[{"embeddable":true,"href":"https:\/\/walkingmonth.ro\/en\/wp-json\/wp\/v2\/users\/2"}],"replies":[{"embeddable":true,"href":"https:\/\/walkingmonth.ro\/en\/wp-json\/wp\/v2\/comments?post=3920"}],"version-history":[{"count":16,"href":"https:\/\/walkingmonth.ro\/en\/wp-json\/wp\/v2\/pages\/3920\/revisions"}],"predecessor-version":[{"id":8821,"href":"https:\/\/walkingmonth.ro\/en\/wp-json\/wp\/v2\/pages\/3920\/revisions\/8821"}],"wp:attachment":[{"href":"https:\/\/walkingmonth.ro\/en\/wp-json\/wp\/v2\/media?parent=3920"}],"curies":[{"name":"wp","href":"https:\/\/api.w.org\/{rel}","templated":true}]}}