{"id":3589,"date":"2021-07-08T12:41:18","date_gmt":"2021-07-08T09:41:18","guid":{"rendered":"https:\/\/walkingmonth.ro\/?page_id=3589"},"modified":"2021-08-16T01:16:16","modified_gmt":"2021-08-15T22:16:16","slug":"ducem-sanatate-la-sate","status":"publish","type":"page","link":"https:\/\/walkingmonth.ro\/en\/ducem-sanatate-la-sate\/","title":{"rendered":"F\u0103 pa\u0219i la Walking Month \u0219i vei duce s\u0103n\u0103tate la sate!"},"content":{"rendered":"<div class=\"wpb-content-wrapper\"><section id=\"vc_section-69e14d1253588\" class=\"vc_section\"><div class=\"vc_row-full-width-before\"><\/div><div id=\"vc_row-69e14d12536b6\" data-vc-full-width=\"true\" data-vc-full-width-init=\"false\" data-vc-stretch-content=\"true\" class=\"vc_row wpb_row vc_row-fluid contact-row vc_custom_1583756775812 thegem-custom-69e14d125369f5459 vc_row-no-padding vc_row-o-equal-height vc_row-o-content-top vc_row-flex\"><script type=\"text\/javascript\">if (typeof(gem_fix_fullwidth_position) == \"function\") { gem_fix_fullwidth_position(document.getElementById(\"vc_row-69e14d12536b6\")); }<\/script><div class=\"wpb_column vc_column_container vc_col-sm-12 vc_col-lg-6 vc_col-md-6 vc_col-xs-12 thegem-custom-69e14d12537fd5156 vc_col-has-fill\" ><div class=\"vc_column-inner thegem-custom-inner-69e14d12537fe vc_custom_1625737102620\"><div class=\"wpb_wrapper thegem-custom-69e14d12537fd5156\">[gem_divider margin_top=&#8221;180&#8243; class_name=&#8221;hide-on-mobile&#8221;]<\/div><\/div><\/div><div class=\"wpb_column vc_column_container vc_col-sm-12 vc_col-lg-6 vc_col-md-6 vc_col-xs-12 thegem-custom-69e14d1253afd7233 vc_col-has-fill\" ><div class=\"vc_column-inner thegem-custom-inner-69e14d1253b00 vc_custom_1597063961876\"><div class=\"wpb_wrapper thegem-custom-69e14d1253afd7233\">\r\n\t\r\n\t\t<div class=\"wpb_text_column wpb_content_element  vc_custom_1625736730983 thegem-vc-text thegem-custom-69e14d1253bf23326\"  >\r\n\t\t\t<div class=\"wpb_wrapper\">\r\n\t\t\t\t<h2><span style=\"color: #393d50;\">\u00cempreun\u0103, putem ajuta 10.000 de rom\u00e2ni s\u0103 aib\u0103 condi\u021bii bune c\u00e2nd merg la medic<\/span><\/h2>\n\r\n\t\t\t<\/div>\r\n\t\t\t\r\n\t\t<\/div>\r\n\t\r\n\r\n\t\r\n\t\t<div class=\"wpb_text_column wpb_content_element  vc_custom_1625736858893 thegem-vc-text thegem-custom-69e14d1253c6f2000\"  >\r\n\t\t\t<div class=\"wpb_wrapper\">\r\n\t\t\t\t<p>Dac\u0103 \u0219i tu crezi c\u0103 e mai bine s\u0103 previi, dec\u00e2t s\u0103 vindeci, vei fi de acord c\u0103 \u201eprima linie\u201d de ap\u0103rare a s\u0103n\u0103t\u0103\u021bii noastre este cabinetul medicului de familie. Din p\u0103cate, \u00een satele Rom\u00e2niei sunt multe cabinete \u00een care am descoperit igrasie pe pere\u021bi, instala\u021bii electrice improvizate, du\u0219umele \u0219i pavaje care favorizeaz\u0103 infec\u021biile.<\/p>\n<p>Asocia\u021bia PRIMA DAT\u0102 ACAS\u0102 \u0219i Asocia\u021bia Medicilor de Familie Cluj \u0219i-au unit for\u021bele pentru un proiect de renovare \u0219i reabilitate a unor asemenea spa\u021bii: cabinete ale unor medici de familie din mediul rural care, \u00eempreun\u0103, au grij\u0103 de s\u0103n\u0103tatea a peste 10.000 de oameni.<\/p>\n\r\n\t\t\t<\/div>\r\n\t\t\t\r\n\t\t<\/div>\r\n\t\r\n[gem_divider margin_top=&#8221;50&#8243;]<\/div><\/div><\/div><\/div><div class=\"vc_row-full-width vc_clearfix\"><\/div><div class=\"vc_row-full-width-before\"><\/div><div id=\"vc_row-69e14d1253d33\" data-vc-full-width=\"true\" data-vc-full-width-init=\"false\" data-vc-stretch-content=\"true\" class=\"vc_row wpb_row vc_row-fluid contact-row vc_custom_1583756775812 thegem-custom-69e14d1253d284814 vc_row-no-padding vc_row-o-equal-height vc_row-o-content-top vc_row-flex\"><script type=\"text\/javascript\">if (typeof(gem_fix_fullwidth_position) == \"function\") { gem_fix_fullwidth_position(document.getElementById(\"vc_row-69e14d1253d33\")); }<\/script><div class=\"wpb_column vc_column_container vc_col-sm-12 vc_col-lg-6 vc_col-md-6 vc_col-xs-12 thegem-custom-69e14d1253efb1229 vc_col-has-fill\" ><div class=\"vc_column-inner thegem-custom-inner-69e14d1253f07 vc_custom_1597064052031\"><div class=\"wpb_wrapper thegem-custom-69e14d1253efb1229\">\r\n\t\r\n\t\t<div class=\"wpb_text_column wpb_content_element  vc_custom_1625736888241 thegem-vc-text thegem-custom-69e14d125404a5551\"  >\r\n\t\t\t<div class=\"wpb_wrapper\">\r\n\t\t\t\t<h2><span style=\"color: #fbb914;\">Hai la Walking Month,<br \/>\npentru o \u021bar\u0103 un pic mai s\u0103n\u0103toas\u0103<br \/>\n<\/span><\/h2>\n\r\n\t\t\t<\/div>\r\n\t\t\t\r\n\t\t<\/div>\r\n\t\r\n\r\n\t\r\n\t\t<div class=\"wpb_text_column wpb_content_element  vc_custom_1625737048908 thegem-vc-text thegem-custom-69e14d12540c51086\"  >\r\n\t\t\t<div class=\"wpb_wrapper\">\r\n\t\t\t\t<p><span style=\"color: #ffffff;\">Ultimii ani ne-au demonstrat \u00eenc\u0103 odat\u0103 c\u0103 nimic nu este mai important dec\u00e2t s\u0103n\u0103tatea oamenilor.<\/span><\/p>\n<p><span style=\"color: #ffffff;\">Cu toate acestea, \u00een satele Rom\u00e2niei mai sunt cabinete medicale care se \u00eenc\u0103lzesc cu soba de lemne. \u00cen plus, fiindc\u0103 aceste cabinete sunt structuri private care nu beneficiaz\u0103 de sus\u021binerea statului, un medic de familie trebuie s\u0103 fie ast\u0103zi nu doar doctor, ci \u0219i manager, avocat, contabil \u0219i IT-ist. Hai s\u0103 \u00eei ajut\u0103m, pentru ca ei s\u0103 practice medicina, iar 10.000 de oameni s\u0103 fie mai aproape de consulta\u021biile de care au at\u00e2ta nevoie.<\/span><\/p>\n\r\n\t\t\t<\/div>\r\n\t\t\t\r\n\t\t<\/div>\r\n\t\r\n<\/div><\/div><\/div><div class=\"wpb_column vc_column_container vc_col-sm-12 vc_col-lg-6 vc_col-md-6 vc_col-xs-12 thegem-custom-69e14d125414e9038 vc_col-has-fill\" ><div class=\"vc_column-inner thegem-custom-inner-69e14d125414f vc_custom_1625737080405\"><div class=\"wpb_wrapper thegem-custom-69e14d125414e9038\">[gem_divider margin_top=&#8221;50&#8243;]<\/div><\/div><\/div><\/div><div class=\"vc_row-full-width vc_clearfix\"><\/div><\/section><section id=\"vc_section-69e14d125426c\" class=\"vc_section\"><div id=\"vc_row-69e14d12543f4\" class=\"vc_row wpb_row vc_row-fluid thegem-custom-69e14d12543ea56\"><div class=\"wpb_column vc_column_container vc_col-sm-12 thegem-custom-69e14d125454d6217\" ><div class=\"vc_column-inner thegem-custom-inner-69e14d1254554 \"><div class=\"wpb_wrapper thegem-custom-69e14d125454d6217\">[gem_divider margin_top=&#8221;50&#8243;]<\/div><\/div><\/div><\/div><div id=\"vc_row-69e14d1254646\" class=\"vc_row wpb_row vc_row-fluid thegem-custom-69e14d12546402056\"><div class=\"wpb_column vc_column_container vc_col-sm-6 thegem-custom-69e14d12547846030\" ><div class=\"vc_column-inner thegem-custom-inner-69e14d1254785 \"><div class=\"wpb_wrapper thegem-custom-69e14d12547846030\">\r\n\t\r\n\t\t<div class=\"wpb_text_column wpb_content_element  thegem-vc-text thegem-custom-69e14d12548366102\"  >\r\n\t\t\t<div class=\"wpb_wrapper\">\r\n\t\t\t\t<div class=\"small-body\" style=\"text-align: center;\">Asocia\u021bia Medicilor de Familie Cluj<\/div>\n\r\n\t\t\t<\/div>\r\n\t\t\t\r\n\t\t<\/div>\r\n\t\r\n\r\n\t\r\n\t<div  class=\"wpb_single_image wpb_content_element vc_align_center\" >\r\n\t\t\r\n\t\t<figure class=\"wpb_wrapper vc_figure\">\r\n\t\t\t<div class=\"vc_single_image-wrapper   vc_box_border_grey\"><img decoding=\"async\" class=\"vc_single_image-img \" src=\"https:\/\/walkingmonth.ro\/wp-content\/uploads\/amfcluj-logo_200px-150x150.png\" width=\"150\" height=\"150\" alt=\"amfcluj-logo_200px\" title=\"amfcluj-logo_200px\" loading=\"lazy\" \/><\/div>\r\n\t\t<\/figure>\r\n\t<\/div>\r\n\t\r\n\r\n\t\r\n\t\t<div class=\"wpb_text_column wpb_content_element  thegem-vc-text thegem-custom-69e14d1254f872110\"  >\r\n\t\t\t<div class=\"wpb_wrapper\">\r\n\t\t\t\t<p>\u0218tim cu to\u021bii: c\u00e2nd ceva ne doare, primul drum va fi spre medicul care ne este mereu aproape, medicul de familie. Membrii <strong>Asocia\u021biei Medicilor de Familie Cluj<\/strong> sunt zi de zi al\u0103turi de comunit\u0103\u021bile locale, fiecare doctor ajut\u00e2nd mii de pacien\u021bi s\u0103 tr\u0103iasc\u0103 s\u0103n\u0103tos \u0219i s\u0103 \u00ee\u0219i depisteze din timp orice problem\u0103 de s\u0103n\u0103tate.<\/p>\n\r\n\t\t\t<\/div>\r\n\t\t\t\r\n\t\t<\/div>\r\n\t\r\n\r\n\t\r\n\t\t<div class=\"wpb_text_column wpb_content_element  thegem-vc-text thegem-custom-69e14d12550074915\"  >\r\n\t\t\t<div class=\"wpb_wrapper\">\r\n\t\t\t\t<p>\u00cen cadrul proiectului Walking Month, asocia\u021bia va recomanda spa\u021biile care au nevoie de renov\u0103ri, particip\u0103 la evaluarea acestora \u0219i asigur\u0103 rela\u021bia cu autorit\u0103\u021bile din domeniul medical, pentru ca la final medicii s\u0103 aib\u0103 toate condi\u021biile necesare pentru a-\u0219i practica meseria cu demnitate \u0219i aten\u021bie la fiecare pacient.<\/p>\n\r\n\t\t\t<\/div>\r\n\t\t\t\r\n\t\t<\/div>\r\n\t\r\n<div class=\"vc_btn3-container vc_btn3-center vc_do_btn\" ><a class=\"vc_general vc_btn3 vc_btn3-size-lg vc_btn3-shape-rounded vc_btn3-style-flat vc_btn3-icon-right vc_btn3-color-danger\" href=\"http:\/\/www.amfcluj.ro\" title=\"Asocia\u021bia Medicilor de Familie Cluj\" target=\"_blank\">Deschide site-ul AMF Cluj <i class=\"vc_btn3-icon far fa-hand-point-right\"><\/i><\/a><\/div><\/div><\/div><\/div><div class=\"wpb_column vc_column_container vc_col-sm-6 thegem-custom-69e14d125524a2364\" ><div class=\"vc_column-inner thegem-custom-inner-69e14d125524c \"><div class=\"wpb_wrapper thegem-custom-69e14d125524a2364\">\r\n\t\r\n\t\t<div class=\"wpb_text_column wpb_content_element  thegem-vc-text thegem-custom-69e14d12553969207\"  >\r\n\t\t\t<div class=\"wpb_wrapper\">\r\n\t\t\t\t<div class=\"small-body\" style=\"text-align: center;\">Asocia\u021bia PRIMA DAT\u0102 ACAS\u0102<\/div>\n\r\n\t\t\t<\/div>\r\n\t\t\t\r\n\t\t<\/div>\r\n\t\r\n\r\n\t\r\n\t<div  class=\"wpb_single_image wpb_content_element vc_align_center\" >\r\n\t\t\r\n\t\t<figure class=\"wpb_wrapper vc_figure\">\r\n\t\t\t<div class=\"vc_single_image-wrapper   vc_box_border_grey\"><img decoding=\"async\" class=\"vc_single_image-img \" src=\"https:\/\/walkingmonth.ro\/wp-content\/uploads\/Logo-ACASA-375x150.png\" width=\"375\" height=\"150\" alt=\"Logo-ACASA\" title=\"Logo-ACASA\" loading=\"lazy\" \/><\/div>\r\n\t\t<\/figure>\r\n\t<\/div>\r\n\t\r\n\r\n\t\r\n\t\t<div class=\"wpb_text_column wpb_content_element  thegem-vc-text thegem-custom-69e14d125594b899\"  >\r\n\t\t\t<div class=\"wpb_wrapper\">\r\n\t\t\t\t<p>Din 1999, asocia\u021bia PRIMA DAT\u0102 ACAS\u0102 construie\u0219te case simple, decente \u0219i accesibile pentru familii muncitoare, cu venituri mici. Experien\u021ba \u00een construc\u021bii eficiente \u0219i cu costuri mici e dovedit\u0103 de cele 7 comunit\u0103\u021bi construite de la zero \u00een jude\u021bul Cluj, dar \u0219i de sutele de spa\u021bii reabilitate \u0219i renovate \u00een ultimii 21 de ani.<\/p>\n<p>\u00cen cadrul proiectului, asocia\u021bia va gestiona renovarea cabinetelor medicale, pentru aducerea acestora la standardele impuse de legisla\u021bie &#8211; \u0219i normale pentru pacien\u021bi.<\/p>\n\r\n\t\t\t<\/div>\r\n\t\t\t\r\n\t\t<\/div>\r\n\t\r\n<div class=\"vc_btn3-container vc_btn3-center vc_do_btn\" ><a class=\"vc_general vc_btn3 vc_btn3-size-lg vc_btn3-shape-rounded vc_btn3-style-flat vc_btn3-icon-right vc_btn3-color-danger\" href=\"https:\/\/asociatiaacasa.ro\" title=\"Asocia\u021bia Medicilor de Familie Cluj\" target=\"_blank\">Deschide site-ul ACAS\u0102 <i class=\"vc_btn3-icon far fa-hand-point-right\"><\/i><\/a><\/div><\/div><\/div><\/div><\/div><div id=\"vc_row-69e14d1255b3e\" class=\"vc_row wpb_row vc_row-fluid thegem-custom-69e14d1255b317204\"><div class=\"wpb_column vc_column_container vc_col-sm-12 thegem-custom-69e14d1255c702354\" ><div class=\"vc_column-inner thegem-custom-inner-69e14d1255c71 \"><div class=\"wpb_wrapper thegem-custom-69e14d1255c702354\">[gem_gallery gallery_gallery=&#8221;3599&#8243; gallery_type=&#8221;grid&#8221; gallery_layout=&#8221;100%&#8221; gaps_size=&#8221;0&#8243; gallery_hover=&#8221;zooming-blur&#8221; metro_max_row_height=&#8221;380&#8243;][gem_divider margin_top=&#8221;50&#8243;]<h2 style=\"text-align: center\" class=\"vc_custom_heading\" >Particip\u0103 la Walking Month pentru a ajuta!<\/h2>\r\n\t\r\n\t\t<div class=\"wpb_text_column wpb_content_element  thegem-vc-text thegem-custom-69e14d1255f2e3694\"  >\r\n\t\t\t<div class=\"wpb_wrapper\">\r\n\t\t\t\t<p style=\"max-width: 500px; text-align: center; margin: auto;\">E u\u0219or s\u0103 aju\u021bi: particip\u0103 la Walking Month, concursul \u00een care \u0219i tu c\u00e2\u0219tigi s\u0103n\u0103tate \u0219i premii, iar 100% din taxa de participare va fi donat\u0103 c\u0103tre proiectul beneficiar din acest an!<\/p>\n\r\n\t\t\t<\/div>\r\n\t\t\t\r\n\t\t<\/div>\r\n\t\r\n\r\n\t\r\n\t<div  class=\"wpb_single_image wpb_content_element vc_align_center\" >\r\n\t\t\r\n\t\t<figure class=\"wpb_wrapper vc_figure\">\r\n\t\t\t<a href=\"https:\/\/bit.ly\/WM2021G\" target=\"_blank\" class=\"vc_single_image-wrapper   vc_box_border_grey\"><img loading=\"lazy\" decoding=\"async\" width=\"250\" height=\"74\" src=\"https:\/\/walkingmonth.ro\/wp-content\/uploads\/google-play-badge-1.png\" class=\"vc_single_image-img attachment-medium\" alt=\"\" title=\"google-play-badge\" \/><\/a>\r\n\t\t<\/figure>\r\n\t<\/div>\r\n\t\r\n\r\n\t\r\n\t<div  class=\"wpb_single_image wpb_content_element vc_align_center\" >\r\n\t\t\r\n\t\t<figure class=\"wpb_wrapper vc_figure\">\r\n\t\t\t<a href=\"https:\/\/bit.ly\/Walking2021\" target=\"_blank\" class=\"vc_single_image-wrapper   vc_box_border_grey\"><img loading=\"lazy\" decoding=\"async\" width=\"250\" height=\"74\" src=\"https:\/\/walkingmonth.ro\/wp-content\/uploads\/apple-appstore-badge-1.png\" class=\"vc_single_image-img attachment-medium\" alt=\"\" title=\"apple-appstore-badge\" \/><\/a>\r\n\t\t<\/figure>\r\n\t<\/div>\r\n\t\r\n<\/div><\/div><\/div><\/div><\/section>\n<\/div>","protected":false},"excerpt":{"rendered":"[gem_divider margin_top=\"180\" class_name=\"hide-on-mobile\"] \u00cempreun\u0103, putem ajuta 10.000 de rom\u00e2ni s\u0103 aib\u0103 condi\u021bii bune c\u00e2nd merg la medic Dac\u0103 \u0219i tu...","protected":false},"author":2,"featured_media":0,"parent":0,"menu_order":0,"comment_status":"closed","ping_status":"closed","template":"","meta":{"footnotes":""},"class_list":["post-3589","page","type-page","status-publish"],"_links":{"self":[{"href":"https:\/\/walkingmonth.ro\/en\/wp-json\/wp\/v2\/pages\/3589","targetHints":{"allow":["GET"]}}],"collection":[{"href":"https:\/\/walkingmonth.ro\/en\/wp-json\/wp\/v2\/pages"}],"about":[{"href":"https:\/\/walkingmonth.ro\/en\/wp-json\/wp\/v2\/types\/page"}],"author":[{"embeddable":true,"href":"https:\/\/walkingmonth.ro\/en\/wp-json\/wp\/v2\/users\/2"}],"replies":[{"embeddable":true,"href":"https:\/\/walkingmonth.ro\/en\/wp-json\/wp\/v2\/comments?post=3589"}],"version-history":[{"count":9,"href":"https:\/\/walkingmonth.ro\/en\/wp-json\/wp\/v2\/pages\/3589\/revisions"}],"predecessor-version":[{"id":3773,"href":"https:\/\/walkingmonth.ro\/en\/wp-json\/wp\/v2\/pages\/3589\/revisions\/3773"}],"wp:attachment":[{"href":"https:\/\/walkingmonth.ro\/en\/wp-json\/wp\/v2\/media?parent=3589"}],"curies":[{"name":"wp","href":"https:\/\/api.w.org\/{rel}","templated":true}]}}