{"id":3,"date":"2020-04-24T13:17:26","date_gmt":"2020-04-24T13:17:26","guid":{"rendered":"http:\/\/34.89.113.9\/?page_id=3"},"modified":"2023-09-07T15:45:40","modified_gmt":"2023-09-07T12:45:40","slug":"notificare-prelucrare-date-caracter-personal","status":"publish","type":"page","link":"https:\/\/walkingmonth.ro\/en\/notificare-prelucrare-date-caracter-personal\/","title":{"rendered":"Notificare de prelucrare a datelor cu caracter personal"},"content":{"rendered":"<div class=\"wpb-content-wrapper\"><div id=\"vc_row-69e121e9e0b94\" class=\"vc_row wpb_row vc_row-fluid thegem-custom-69e121e9e0b7f7049\"><div class=\"wpb_column vc_column_container vc_col-sm-12 thegem-custom-69e121e9e0c8a5659\" ><div class=\"vc_column-inner thegem-custom-inner-69e121e9e0c8c\"><div class=\"wpb_wrapper thegem-custom-69e121e9e0c8a5659\">\r\n\t\r\n\t\t<div class=\"wpb_text_column wpb_content_element  thegem-vc-text thegem-custom-69e121e9e0ee85873\"  >\r\n\t\t\t<div class=\"wpb_wrapper\">\r\n\t\t\t\t<p style=\"padding-left: 40px;\">\n\r\n\t\t\t<\/div>\r\n\t\t\t\r\n\t\t<\/div>\r\n\t\r\n<\/div><\/div><\/div><\/div><div id=\"vc_row-69e121e9e0fb4\" class=\"vc_row wpb_row vc_row-fluid thegem-custom-69e121e9e0fab6422\"><div class=\"wpb_column vc_column_container vc_col-sm-12 thegem-custom-69e121e9e109d9849\" ><div class=\"vc_column-inner thegem-custom-inner-69e121e9e109e\"><div class=\"wpb_wrapper thegem-custom-69e121e9e109d9849\">\r\n\t\r\n\t\t<div class=\"wpb_text_column wpb_content_element  thegem-vc-text thegem-custom-69e121e9e124a1030\"  >\r\n\t\t\t<div class=\"wpb_wrapper\">\r\n\t\t\t\t<h3><a name=\"_Toc494813226\"><\/a>1. Cine suntem<\/h3>\n<p><strong>BETFAIR ROMANIA DEVELOPMENT S.R.L.<\/strong>, cu sediul social \u00een Rom\u00e2nia, jud. Cluj, mun. Cluj-Napoca, B-dul 21 Decembrie 1989, nr. 77, cl\u0103dirile A-F, et. 4, num\u0103r de ordine \u00een Registrul Comer\u021bului: J12\/3396\/2007, cod unic de \u00eenregistrare: RO22201773 este o companie \u00eenregistrat\u0103 \u00een Rom\u00e2nia responsabil\u0103 cu dezvoltarea programelor IT.<br \/>\n<a name=\"_Toc494813227\"><\/a><\/p>\n<h3>2. Date personale pe care le prelucr\u0103m<\/h3>\n<p>Colect\u0103m urm\u0103toarele tipuri de date personale de la dvs.:<\/p>\n<ul>\n<li>Adresa IP<\/li>\n<li>Nume \u0219i prenume<\/li>\n<li>Adresa de email<\/li>\n<li>Num\u0103rul de telefon<\/li>\n<li>Ocupa\u021bie<\/li>\n<li>Compania la care sunte\u021bi angajat<\/li>\n<li>\u021aara de re\u0219edin\u021b\u0103<\/li>\n<li>Zona orar\u0103<\/li>\n<li>Date despre num\u0103rul de pa\u0219i efectuat<\/li>\n<li>Screenshot-uri<\/li>\n<li>Adresa de livrare a coletului aferent pachetului VIP<\/li>\n<\/ul>\n<h3>3. De ce avem nevoie de ele<\/h3>\n<p><em><strong>Avem nevoie de datele dvs personale pentru a v\u0103 oferi urm\u0103toarele servicii, \u00een temeiul legal al execut\u0103rii prevederilor din Termeni \u0219i Condi\u021bii:<\/strong><\/em><\/p>\n<p><strong>Utilizarea aplica\u021biei Walking Month<\/strong><\/p>\n<ul>\n<li>Nume \u0219i prenume \u2013 avem nevoie de aceste date pentru a v\u0103 identifica \u00een sistem<\/li>\n<li>E-mail \u2013 adresa de e-mail o folosim pentru a v\u0103 autentifica \u00een sistem \u0219i pentru a comunica cu dvs., \u00een timpul competi\u021biei \u0219i ulterior, pentru a v\u0103 informa cu privire la rezultatele competi\u021biei \u0219i ale str\u00e2ngerii de fonduri \u0219i cu privire la desf\u0103\u0219urarea proiectului finan\u021bat.<\/li>\n<li>Num\u0103r de telefon \u2013 v\u0103 vom contacta dac\u0103 apar probleme la utilizarea aplica\u021biei.<\/li>\n<li>Ocupa\u021bie \u2013 avem nevoie de aceast\u0103 informa\u021bie doar pentru statistici, pentru a \u00een\u021belege mai bine profilul participan\u021bilor la competi\u021bie.<\/li>\n<li>Compania la care sunte\u021bi angajat \u2013 aceast\u0103 informa\u021bie este folosit\u0103 pentru concursul \u00eentre societ\u0103\u021bi<\/li>\n<li>Zona orar\u0103 \u2013 aceast\u0103 informa\u021bie o folosim pentru sincronizarea cu zona orar\u0103 a dispozitivelor IoT folosite.<\/li>\n<li>Date despre num\u0103rul de pa\u0219i efectuat \u2013 pentru a men\u021bine evolu\u021bia performan\u021bei dumneavoastr\u0103.<\/li>\n<\/ul>\n<p><strong>Livrarea coletului aferent pachetului VIP:<\/strong><\/p>\n<ul>\n<li>Nume \u2013 numele persoanei de contact la care se face livrarea<\/li>\n<li>Email \u2013 pentru a v\u0103 putea identifica \u0219i \u00een aplica\u021bia Walking Month<\/li>\n<li>Telefon \u2013 pentru a v\u0103 contacta cu detalii despre livrarea coletului<\/li>\n<li>Adres\u0103 de livrare \u2013 pentru a v\u0103 livra coletul<\/li>\n<\/ul>\n<p><em><strong>\u00cen temeiul interesului legitim al operatorului de a-\u0219i proteja infrastructura IT:<\/strong><\/em><\/p>\n<p><strong>Func\u021bionarea aplica\u021biei Walking Month<\/strong><\/p>\n<ul>\n<li>Adres\u0103 IP \u2013 filtrarea \u0219i detectarea atacurilor din internet<\/li>\n<\/ul>\n<p><em><strong>Cu consim\u021b\u0103m\u00e2ntul dumneavoastr\u0103, am dori s\u0103 prelucr\u0103m \u0219i urm\u0103toarele date cu caracter personal<\/strong><\/em><\/p>\n<ul>\n<li>Screenshot \u2013 aceast\u0103 informa\u021bie o folosim doar pentru suport \u2013 c\u00e2nd exist\u0103 un incident dumneavoastr\u0103 ne pute\u021bi trimite un screenshot pentru a detalia problema<\/li>\n<li>Istoria navig\u0103rii \u2013 partaj\u0103m aceste informa\u021bii cu partenerii no\u0219tri descri\u0219i \u00een politica de cookies pentru a v\u0103 putea livra oferte personalizate. Mai multe informa\u021bii reg\u0103si\u021bi \u00een <a href=\"https:\/\/walkingmonth.ro\/en\/politica-de-cookies\/\">pagina noastr\u0103 de cookie-uri<\/a><\/li>\n<\/ul>\n<p><em><strong>Date despre num\u0103rul de pa\u0219i efectuat \u2013 pentru a men\u021bine evolu\u021bia performan\u021bei dumneavoastr\u0103<\/strong><\/em><\/p>\n<p>Aplica\u021bia\u00a0<strong>Walking Month\u00a0<\/strong>cite\u0219te num\u0103rul de pa\u0219i din cele dou\u0103 aplica\u021bii standard de monitorizare a st\u0103rii de s\u0103n\u0103tate: Google Fit pentru Android \u0219i Apple Health pentru telefoane cu sistemul de operare iOS.<\/p>\n<ul>\n<li>Participan\u021bii ale c\u0103ror\u00a0<em>fitness trackere\u00a0<\/em>sincronizeaz\u0103 datele \u00een mod automat cu Google Fit sau Apple Health vor beneficia de func\u021bia de sincronizare automat\u0103 a pa\u0219ilor \u0219i cu aplica\u021bia Walking Month.<\/li>\n<li>Participan\u021bii ale c\u0103ror\u00a0<em>fitness trackere\u00a0<\/em>nu comunic\u0103 cu Google Fit sau Apple Health vor introduce manual valorile (num\u0103rul de pa\u0219i din fiecare zi), a\u0219a cum sunt raportate de aplica\u021bia fitness tracker-ului de\u021binut.<\/li>\n<\/ul>\n<p>Datele vor fi folosite pentru stabilirea clasamentului, \u00een vederea acord\u0103rii premiilor descrise \u00een Regulamentul Concursului \u0219i \u00een vederea acord\u0103rii premiilor puse la dispozi\u021bie de c\u0103tre partenerii concursului.<\/p>\n<h3>4. Ce facem cu ele<\/h3>\n<p>Datele dumneavoastr\u0103 personale sunt prelucrate \u00een cadrul companiei BETFAIR ROMANIA DEVELOPMENT S.R.L., situat\u0103 \u00een Rom\u00e2nia. G\u0103zduirea \u0219i stocarea datelor dumneavoastr\u0103 are loc la Google care ac\u021bioneaz\u0103 \u00een calitate de persoan\u0103 \u00eemputernicit\u0103.<\/p>\n<p>Datele dumneavoastr\u0103 cu caracter personal sunt partajate cu partenerii no\u0219tri:<\/p>\n<ul>\n<li>BANCA TRANSILVANIA S.A. &#8211; \u00een vederea cooper\u0103rii pentru organizarea competi\u021biei.<\/li>\n<li>PR &amp; More SRL &#8211; persoan\u0103 \u00eemputernicit\u0103 de c\u0103tre Betfair Romania Development, cu scopul de a promova \u0219i organiza concursul, precum \u0219i de a produce\/livra pachetele VIP.<\/li>\n<li>NETOPIA SRL \u2013 operator independent ce prelucreaz\u0103 datele cu caracter personal necesare proces\u0103rii pl\u0103\u021bilor.<\/li>\n<li><em>Cargus SRL<\/em> &#8211; pentru a asigura livrarea pachetelor.<\/li>\n<li><em>Serviciul de Ajutor Maltez \u00een Rom\u00e2nia <\/em>&#8211; pentru a asigura livrarea pachetelor, dac\u0103 este cazul; pentru eviden\u021bele contabile, conform legii, \u00een urma dona\u021biilor; pentru a v\u0103 \u021bine la curent cu utilizarea sumelor \u00eencredin\u021bate.<\/li>\n<li>Sendgrid &#8211; adresa de email, numele &#8211; pentru a trimite emailuri legate plat\u0103, invita\u021bii \u00een echipe, comunicarea clasamentului<\/li>\n<\/ul>\n<p>Datele dvs. personale pentru istoria navig\u0103rii sunt transmise partenerilor no\u0219tri descri\u0219i \u00een politica de cookies. V\u0103 rug\u0103m consulta\u021bi descrierea acestor parteneri <a href=\"https:\/\/walkingmonth.ro\/en\/politica-de-cookies\/\">\u00een aceast\u0103 pagin\u0103<\/a>.<\/p>\n<h3><a name=\"_Toc494813229\"><\/a>5. C\u00e2t timp p\u0103str\u0103m datele cu caracter personal<\/h3>\n<p>Datele dvs personale, dintre cele care sunt cuprinse \u00een documentele financiar-contabile sau \u00een documente care se anexeaz\u0103 documentelor financiar-contabile, vor fi p\u0103strate 10 ani conform dispozi\u021biilor art. 38 din Anexa 1 la Ordinul nr. 2634\/2015 privind documentele financiar-contabile, emis de Ministerul Finan\u021belor Publice \u0219i nu vor fi accesate \u00een niciun alt scop dec\u00e2t scopul legal pentru care sunt arhivate. Dup\u0103 10 ani aceste date vor fi distruse. Datele dvs personale aferente cookie-urilor sunt p\u0103strate pe durata de via\u021b\u0103 a cookie-urilor sau p\u00e2n\u0103 c\u00e2nd le \u0219terge\u021bi de pe dispozitivul dvs.<\/p>\n<p>Datele dvs personale din contul Walking Month vor fi p\u0103strate pe o durat\u0103 de 3 ani de la ultima activitate \u00een cont \u00een temeiul interesului legitim al operatorului de a p\u0103stra utilizatorii \u00een aplica\u021bie \u0219i la urm\u0103toarele edi\u021bii de Walking Month.<\/p>\n<h3>6. Protec\u021bia datelor<\/h3>\n<p data-sourcepos=\"4:1-4:162\">Sunt implementate proceduri de securitate pentru a proteja confiden\u021bialitatea datelor dumneavoastr\u0103. Toate comunica\u021biile dintre aplica\u021bie \u0219i server sunt criptate.<\/p>\n<p data-sourcepos=\"6:1-6:106\">Datele de s\u0103n\u0103tate ale utilizatorului &#8211; num\u0103rul de pa\u0219i &#8211; \u0219i numele pot fi vizualizate de urm\u0103toarele persoane:<\/p>\n<ul data-sourcepos=\"8:1-13:0\">\n<li data-sourcepos=\"8:1-8:151\">utilizatorul (nume, num\u0103r de pa\u0219i zilnic, num\u0103r total de pa\u0219i, pa\u0219i zilnici din competi\u021bia precedent\u0103, num\u0103r total de pa\u0219i din competi\u021bia precedent\u0103)<\/li>\n<li data-sourcepos=\"9:1-9:91\">echipa din care face parte utilizatorul (nume, num\u0103r de pa\u0219i zilnic, num\u0103r total de pa\u0219i)<\/li>\n<li data-sourcepos=\"10:1-10:82\">to\u021bi utilizatorii competi\u021biei (num\u0103rul total de pa\u0219i pentru clasamentul general)<\/li>\n<li data-sourcepos=\"11:1-13:0\">administratorii Walking Moth autentifica\u021bi (nume, adres\u0103 de e-mail, num\u0103r de pa\u0219i zilnic, num\u0103r total de pa\u0219i, pa\u0219i zilnici din competi\u021bia precedent\u0103, num\u0103r total de pa\u0219i din competi\u021bia precedent\u0103)<\/li>\n<\/ul>\n<h3>7<a name=\"_Toc494813230\"><\/a>. Care sunt drepturile dvs?<\/h3>\n<p>Dac\u0103 ave\u021bi motive s\u0103 crede\u021bi c\u0103 orice date personale pe care le de\u021binem despre dvs sunt incorecte sau incomplete, ave\u021bi dreptul s\u0103 solicita\u021bi s\u0103 vede\u021bi aceste informa\u021bii, s\u0103 le rectifica\u021bi sau s\u0103 cere\u021bi s\u0103 fie \u0219terse, s\u0103 solicita\u021bi restric\u021bionarea prelucr\u0103rii sau s\u0103 v\u0103 opune\u021bi prelucr\u0103rii \u0219i de asemenea ave\u021bi dreptul la portabilitatea datelor . Pentru exercitarea acestor drepturi va rugam sa ne contacta\u021bi la<u> dp@flutter.com.<br \/>\n<\/u><\/p>\n<p>Pentru a v\u0103 retrage consim\u021b\u0103m\u00e2ntul dvs dat pentru prelucrarea screenshot-urilor v\u0103 rug\u0103m s\u0103 ne contacta\u021bi la\u00a0dp@flutter.com.<\/p>\n<p>Dac\u0103 dori\u021bi s\u0103 \u00eenainta\u021bi o pl\u00e2ngere legat\u0103 de modul \u00een care v-am procesat datele personale, contacta\u021bi responsabilul cu protec\u021bia datelor la urm\u0103toarea adresa de email dp@flutter.com. Responsabilul cu protec\u021bia datelor va lua leg\u0103tura cu dumneavoastr\u0103 pentru a solu\u021biona problema ridicat\u0103.<\/p>\n<p>De asemenea pute\u021bi contacta Autoritatea Na\u021bional\u0103 de Supraveghere a Prelucr\u0103rii Datelor cu Caracter personal la <a href=\"http:\/\/www.dataprotection.ro\">www.dataprotection.ro<\/a> unde pute\u021bi depune o sesizare.<\/p>\n<p>&nbsp;<\/p>\n<p><img loading=\"lazy\" decoding=\"async\" class=\"aligncenter\" style=\"max-width: 100%; height: auto;\" src=\"https:\/\/walkingmonth.ro\/wp-content\/uploads\/PLACHETASALFIZICA.jpeg\" alt=\"\" width=\"643\" height=\"643\" \/><\/p>\n\r\n\t\t\t<\/div>\r\n\t\t\t\r\n\t\t<\/div>\r\n\t\r\n<\/div><\/div><\/div><\/div>\n<\/div>","protected":false},"excerpt":{"rendered":"1. Cine suntem BETFAIR ROMANIA DEVELOPMENT S.R.L., cu sediul social \u00een Rom\u00e2nia, jud. Cluj, mun. Cluj-Napoca, B-dul 21 Decembrie 1989,...","protected":false},"author":1,"featured_media":0,"parent":0,"menu_order":0,"comment_status":"closed","ping_status":"open","template":"","meta":{"footnotes":""},"class_list":["post-3","page","type-page","status-publish"],"_links":{"self":[{"href":"https:\/\/walkingmonth.ro\/en\/wp-json\/wp\/v2\/pages\/3","targetHints":{"allow":["GET"]}}],"collection":[{"href":"https:\/\/walkingmonth.ro\/en\/wp-json\/wp\/v2\/pages"}],"about":[{"href":"https:\/\/walkingmonth.ro\/en\/wp-json\/wp\/v2\/types\/page"}],"author":[{"embeddable":true,"href":"https:\/\/walkingmonth.ro\/en\/wp-json\/wp\/v2\/users\/1"}],"replies":[{"embeddable":true,"href":"https:\/\/walkingmonth.ro\/en\/wp-json\/wp\/v2\/comments?post=3"}],"version-history":[{"count":29,"href":"https:\/\/walkingmonth.ro\/en\/wp-json\/wp\/v2\/pages\/3\/revisions"}],"predecessor-version":[{"id":8074,"href":"https:\/\/walkingmonth.ro\/en\/wp-json\/wp\/v2\/pages\/3\/revisions\/8074"}],"wp:attachment":[{"href":"https:\/\/walkingmonth.ro\/en\/wp-json\/wp\/v2\/media?parent=3"}],"curies":[{"name":"wp","href":"https:\/\/api.w.org\/{rel}","templated":true}]}}