{"id":2816,"date":"2020-08-10T15:39:27","date_gmt":"2020-08-10T12:39:27","guid":{"rendered":"https:\/\/walkingmonth.ro\/?page_id=2816"},"modified":"2021-07-08T12:42:23","modified_gmt":"2021-07-08T09:42:23","slug":"umblam-pentru-20-000-de-mese-pe-roti","status":"publish","type":"page","link":"https:\/\/walkingmonth.ro\/en\/umblam-pentru-20-000-de-mese-pe-roti\/","title":{"rendered":"Umbl\u0103m pentru 20.000 de Mese pe ro\u021bi"},"content":{"rendered":"<div class=\"wpb-content-wrapper\"><section id=\"vc_section-69e182a615a81\" class=\"vc_section\"><div class=\"vc_row-full-width-before\"><\/div><div id=\"vc_row-69e182a615c17\" data-vc-full-width=\"true\" data-vc-full-width-init=\"false\" data-vc-stretch-content=\"true\" class=\"vc_row wpb_row vc_row-fluid contact-row vc_custom_1583756775812 thegem-custom-69e182a615c008179 vc_row-no-padding vc_row-o-equal-height vc_row-o-content-top vc_row-flex\"><script type=\"text\/javascript\">if (typeof(gem_fix_fullwidth_position) == \"function\") { gem_fix_fullwidth_position(document.getElementById(\"vc_row-69e182a615c17\")); }<\/script><div class=\"wpb_column vc_column_container vc_col-sm-12 vc_col-lg-6 vc_col-md-6 vc_col-xs-12 thegem-custom-69e182a615d663494 vc_col-has-fill\" ><div class=\"vc_column-inner thegem-custom-inner-69e182a615d67 vc_custom_1597063699888\"><div class=\"wpb_wrapper thegem-custom-69e182a615d663494\">[gem_divider margin_top=&#8221;180&#8243; class_name=&#8221;hide-on-mobile&#8221;]<\/div><\/div><\/div><div class=\"wpb_column vc_column_container vc_col-sm-12 vc_col-lg-6 vc_col-md-6 vc_col-xs-12 thegem-custom-69e182a615ffb5451 vc_col-has-fill\" ><div class=\"vc_column-inner thegem-custom-inner-69e182a615ffd vc_custom_1597063961876\"><div class=\"wpb_wrapper thegem-custom-69e182a615ffb5451\">\r\n\t\r\n\t\t<div class=\"wpb_text_column wpb_content_element  vc_custom_1597065646206 thegem-vc-text thegem-custom-69e182a6160ed8907\"  >\r\n\t\t\t<div class=\"wpb_wrapper\">\r\n\t\t\t\t<h2><span style=\"color: #393d50;\">\u00cempreun\u0103, putem alina<br \/>\n<span class=\"light\">foamea \u0219i singur\u0103tatea<br \/>\nunor v\u00e2rstnici singuri<\/span><\/span><\/h2>\n\r\n\t\t\t<\/div>\r\n\t\t\t\r\n\t\t<\/div>\r\n\t\r\n\r\n\t\r\n\t\t<div class=\"wpb_text_column wpb_content_element  vc_custom_1597063985103 thegem-vc-text thegem-custom-69e182a6161e49013\"  >\r\n\t\t\t<div class=\"wpb_wrapper\">\r\n\t\t\t\t<p><span style=\"color: #5f5f5f;\">Pentru oamenii \u00een v\u00e2rst\u0103, care locuiesc singuri, izolarea pe care noi am tr\u0103it-o c\u00e2teva s\u0103pt\u0103m\u00e2ni este o realitate permanent\u0103. Este vorba de cazuri cu probleme sociale dureroase, v\u00e2rstnici f\u0103r\u0103 familie, mul\u021bi dintre ei cu grade diverse de dizabilitate.\u00a0<\/span><\/p>\n<p>Mul\u021bumit\u0103 Serviciului de Ajutor Maltez \u00een Rom\u00e2nia (SAMR), 120 de b\u0103tr\u00e2ni din Cluj primesc zilnic, gratuit, o mas\u0103 cald\u0103.<\/p>\n<p>F\u0103r\u0103 sus\u021binerea SAMR, ace\u0219tia nu doar c\u0103 ar avea mari dificult\u0103\u021bi \u00een traiul zilnic, dar ar r\u0103m\u00e2ne \u00eentr\u2011o izolare total\u0103. Maltezii le ofer\u0103 nu doar aceast\u0103 mas\u0103 zilnic\u0103, ci \u0219i servicii sociale, \u00eei ajut\u0103 s\u0103 aib\u0103 acces la medici \u0219i vegheaz\u0103 pentru a le face singur\u0103tatea mai u\u0219or de dus.<\/p>\n\r\n\t\t\t<\/div>\r\n\t\t\t\r\n\t\t<\/div>\r\n\t\r\n[gem_divider margin_top=&#8221;50&#8243;]<\/div><\/div><\/div><\/div><div class=\"vc_row-full-width vc_clearfix\"><\/div><div class=\"vc_row-full-width-before\"><\/div><div id=\"vc_row-69e182a61634a\" data-vc-full-width=\"true\" data-vc-full-width-init=\"false\" data-vc-stretch-content=\"true\" class=\"vc_row wpb_row vc_row-fluid contact-row vc_custom_1583756775812 thegem-custom-69e182a6163392766 vc_row-no-padding vc_row-o-equal-height vc_row-o-content-top vc_row-flex\"><script type=\"text\/javascript\">if (typeof(gem_fix_fullwidth_position) == \"function\") { gem_fix_fullwidth_position(document.getElementById(\"vc_row-69e182a61634a\")); }<\/script><div class=\"wpb_column vc_column_container vc_col-sm-12 vc_col-lg-6 vc_col-md-6 vc_col-xs-12 thegem-custom-69e182a61656d3080 vc_col-has-fill\" ><div class=\"vc_column-inner thegem-custom-inner-69e182a616570 vc_custom_1597064052031\"><div class=\"wpb_wrapper thegem-custom-69e182a61656d3080\">\r\n\t\r\n\t\t<div class=\"wpb_text_column wpb_content_element  vc_custom_1597064939227 thegem-vc-text thegem-custom-69e182a6166b14091\"  >\r\n\t\t\t<div class=\"wpb_wrapper\">\r\n\t\t\t\t<h2><span style=\"color: #fbb914;\">Walking Month<\/span><br \/>\n<span class=\"light\" style=\"color: #fbb914;\">sus\u021bine programul \u201eMasa pe ro\u021bi\u201d<br \/>\n<\/span><\/h2>\n\r\n\t\t\t<\/div>\r\n\t\t\t\r\n\t\t<\/div>\r\n\t\r\n\r\n\t\r\n\t\t<div class=\"wpb_text_column wpb_content_element  vc_custom_1597065292250 thegem-vc-text thegem-custom-69e182a61674f8444\"  >\r\n\t\t\t<div class=\"wpb_wrapper\">\r\n\t\t\t\t<p><span style=\"color: #ffffff;\">Se spune c\u0103 la b\u0103tr\u00e2ne\u021be e bine s\u0103 ai cine s\u0103 \u00ee\u021bi aduc\u0103 un pahar de ap\u0103.<\/span><\/p>\n<p><span style=\"color: #ffffff;\">Cu cei 7-800 de lei venituri pe lun\u0103, cei 120 de beneficiari actuali ai programului abia reu\u0219esc s\u0103-\u0219i pl\u0103teasc\u0103 cheltuielile de baz\u0103 \u0219i medicamentele. O mare parte dintre ei sunt persoane cu dizabilit\u0103\u021bi, ceea ce le face izolarea \u0219i mai grea. Dar noi putem fi al\u0103turi de ei!<\/span><\/p>\n\r\n\t\t\t<\/div>\r\n\t\t\t\r\n\t\t<\/div>\r\n\t\r\n<div class=\"vc_row wpb_row vc_inner vc_row-fluid thegem-custom-69e182a6168155804 custom-inner-column-69e182a61681c\" ><div class=\"wpb_column vc_column_container vc_col-sm-6 thegem-custom-69e182a61690c6816\"><div class=\"vc_column-inner thegem-custom-inner-69e182a61690d \"><div class=\"wpb_wrapper thegem-custom-69e182a61690c6816\">\r\n\t\r\n\t\t<div class=\"wpb_text_column wpb_content_element  vc_custom_1597064820697 thegem-vc-text thegem-custom-69e182a616a2c8182\"  >\r\n\t\t\t<div class=\"wpb_wrapper\">\r\n\t\t\t\t<h2><span style=\"color: #ffffff;\">14 lei<\/span><br \/>\n<span class=\"light\" style=\"color: #ffffff;\">= o mas\u0103<br \/>\n<\/span><\/h2>\n\r\n\t\t\t<\/div>\r\n\t\t\t\r\n\t\t<\/div>\r\n\t\r\n\r\n\t\r\n\t\t<div class=\"wpb_text_column wpb_content_element  vc_custom_1597064665877 thegem-vc-text thegem-custom-69e182a616aa95921\"  >\r\n\t\t\t<div class=\"wpb_wrapper\">\r\n\t\t\t\t<p><span style=\"color: #ffffff;\">Cu doar 14 lei\/zi \u0219i sus\u021binerea unei inimoase firme de catering care acoper\u0103 o parte din costuri, Maltezii reu\u0219e\u0219c s\u0103 acopere o mas\u0103 pe zi pentru un beneficiar.<\/span><\/p>\n\r\n\t\t\t<\/div>\r\n\t\t\t\r\n\t\t<\/div>\r\n\t\r\n<\/div><\/div><\/div><div class=\"wpb_column vc_column_container vc_col-sm-6 thegem-custom-69e182a616b2e953\"><div class=\"vc_column-inner thegem-custom-inner-69e182a616b2f \"><div class=\"wpb_wrapper thegem-custom-69e182a616b2e953\">\r\n\t\r\n\t\t<div class=\"wpb_text_column wpb_content_element  vc_custom_1597064805533 thegem-vc-text thegem-custom-69e182a616bcb4392\"  >\r\n\t\t\t<div class=\"wpb_wrapper\">\r\n\t\t\t\t<h2><span style=\"color: #ffffff;\">O echip\u0103<\/span><br \/>\n<span class=\"light\" style=\"color: #ffffff;\">= o lun\u0103!<br \/>\n<\/span><\/h2>\n\r\n\t\t\t<\/div>\r\n\t\t\t\r\n\t\t<\/div>\r\n\t\r\n\r\n\t\r\n\t\t<div class=\"wpb_text_column wpb_content_element  vc_custom_1597064900654 thegem-vc-text thegem-custom-69e182a616c2b8053\"  >\r\n\t\t\t<div class=\"wpb_wrapper\">\r\n\t\t\t\t<p><span style=\"color: #ffffff;\">F\u0103 un calcul: simpla \u00eenscriere \u00een Walking Month \u00eenseamn\u0103 c\u0103 ai acoperit personal 6 mese pentru un senior! O echip\u0103 de 4 persoane acoper\u0103 o lun\u0103 de \u201eMese pe ro\u021bi\u201d!<\/span><\/p>\n\r\n\t\t\t<\/div>\r\n\t\t\t\r\n\t\t<\/div>\r\n\t\r\n<\/div><\/div><\/div><\/div><\/div><\/div><\/div><div class=\"wpb_column vc_column_container vc_col-sm-12 vc_col-lg-6 vc_col-md-6 vc_col-xs-12 thegem-custom-69e182a616ce91768 vc_col-has-fill\" ><div class=\"vc_column-inner thegem-custom-inner-69e182a616cea vc_custom_1597064101334\"><div class=\"wpb_wrapper thegem-custom-69e182a616ce91768\">[gem_divider margin_top=&#8221;50&#8243;]<\/div><\/div><\/div><\/div><div class=\"vc_row-full-width vc_clearfix\"><\/div><\/section><section id=\"vc_section-69e182a616e20\" class=\"vc_section\"><div id=\"vc_row-69e182a616f3e\" class=\"vc_row wpb_row vc_row-fluid thegem-custom-69e182a616f369463\"><div class=\"wpb_column vc_column_container vc_col-sm-12 thegem-custom-69e182a61709c4860\" ><div class=\"vc_column-inner thegem-custom-inner-69e182a61709e \"><div class=\"wpb_wrapper thegem-custom-69e182a61709c4860\">[gem_divider margin_top=&#8221;50&#8243;]\r\n\t\r\n\t<div  class=\"wpb_single_image wpb_content_element vc_align_center\" >\r\n\t\t\r\n\t\t<figure class=\"wpb_wrapper vc_figure\">\r\n\t\t\t<div class=\"vc_single_image-wrapper   vc_box_border_grey\"><img loading=\"lazy\" decoding=\"async\" width=\"730\" height=\"151\" src=\"https:\/\/walkingmonth.ro\/wp-content\/uploads\/samr-full.jpg\" class=\"vc_single_image-img attachment-full\" alt=\"\" title=\"samr-full\" srcset=\"https:\/\/walkingmonth.ro\/wp-content\/uploads\/samr-full.jpg 730w, https:\/\/walkingmonth.ro\/wp-content\/uploads\/samr-full-300x62.jpg 300w\" sizes=\"auto, (max-width: 730px) 100vw, 730px\" \/><\/div>\r\n\t\t<\/figure>\r\n\t<\/div>\r\n\t\r\n<\/div><\/div><\/div><\/div><div id=\"vc_row-69e182a617826\" class=\"vc_row wpb_row vc_row-fluid thegem-custom-69e182a61781b3918\"><div class=\"wpb_column vc_column_container vc_col-sm-6 thegem-custom-69e182a61796d408\" ><div class=\"vc_column-inner thegem-custom-inner-69e182a61796f \"><div class=\"wpb_wrapper thegem-custom-69e182a61796d408\">\r\n\t\r\n\t\t<div class=\"wpb_text_column wpb_content_element  thegem-vc-text thegem-custom-69e182a617a741237\"  >\r\n\t\t\t<div class=\"wpb_wrapper\">\r\n\t\t\t\t<p>Serviciul de Ajutor Maltez \u00een Rom\u00e2nia (SAMR) este\u00a0una dintre cele mai vechi organiza\u021bii non-profit din Rom\u00e2nia, \u00eenfiin\u021bat\u0103 \u00een 1992 cu misiunea de a ajuta persoanele aflate \u00een nevoie.<\/p>\n<p>Zeci de mii de oameni sunt asista\u021bi anual prin programele organiza\u021biei. Dar, ca la toate ONG-urile din \u021bar\u0103, munca de a str\u00e2nge finan\u021b\u0103ri pentru proiecte este o lupt\u0103 zilnic\u0103. Cu bani pu\u021bini, dar cu o echip\u0103 \u0219i voluntari foarte dedica\u021bi, SAMR reu\u0219e\u0219te totu\u0219i s\u0103 duc\u0103 mai departe programe ce asigur\u0103 o minim\u0103 normalitate pentru multe categorii vulnerabile \u2013 persoane cu handicap, oameni f\u0103r\u0103 ad\u0103post, b\u0103tr\u00e2ni abandona\u021bi \u0219i mul\u021bi al\u021bii.<\/p>\n\r\n\t\t\t<\/div>\r\n\t\t\t\r\n\t\t<\/div>\r\n\t\r\n<div class=\"vc_btn3-container vc_btn3-inline vc_do_btn\" ><a class=\"vc_general vc_btn3 vc_btn3-size-lg vc_btn3-shape-rounded vc_btn3-style-modern vc_btn3-icon-right vc_btn3-color-danger\" href=\"http:\/\/www.maltez.ro\" title=\"Serviciul de Ajutor Maltez \u00een Rom\u00e2nia\" target=\"_blank\">Deschide site-ul SAMR <i class=\"vc_btn3-icon far fa-hand-point-right\"><\/i><\/a><\/div><\/div><\/div><\/div><div class=\"wpb_column vc_column_container vc_col-sm-6 thegem-custom-69e182a617c534825\" ><div class=\"vc_column-inner thegem-custom-inner-69e182a617c55 \"><div class=\"wpb_wrapper thegem-custom-69e182a617c534825\">\r\n\t\r\n\t\t<div class=\"wpb_text_column wpb_content_element  thegem-vc-text thegem-custom-69e182a617eee7248\"  >\r\n\t\t\t<div class=\"wpb_wrapper\">\r\n\t\t\t\t<div class=\"small-body\" style=\"text-align: center;\">Serviciul de Ajutor Maltez \u00een Rom\u00e2nia<br \/>\neste purt\u0103torul misiunii<br \/>\nOrdinului Suveran de Malta.<\/div>\n\r\n\t\t\t<\/div>\r\n\t\t\t\r\n\t\t<\/div>\r\n\t\r\n\r\n\t\r\n\t<div  class=\"wpb_single_image wpb_content_element vc_align_center\" >\r\n\t\t\r\n\t\t<figure class=\"wpb_wrapper vc_figure\">\r\n\t\t\t<div class=\"vc_single_image-wrapper   vc_box_border_grey\"><img loading=\"lazy\" decoding=\"async\" width=\"90\" height=\"109\" src=\"https:\/\/walkingmonth.ro\/wp-content\/uploads\/logo-ordin.png\" class=\"vc_single_image-img attachment-medium\" alt=\"\" title=\"logo-ordin\" \/><\/div>\r\n\t\t<\/figure>\r\n\t<\/div>\r\n\t\r\n\r\n\t\r\n\t\t<div class=\"wpb_text_column wpb_content_element  thegem-vc-text thegem-custom-69e182a61851a7768\"  >\r\n\t\t\t<div class=\"wpb_wrapper\">\r\n\t\t\t\t<div class=\"title-h3\" style=\"text-align: center;\"><span style=\"color: #ff0000;\">Tuitio fidei et obsequium pauperum<\/span><\/div>\n<div style=\"text-align: center;\"><strong><em>P\u0103strarea credin\u021bei \u0219i ajutorarea nevoia\u0219ilor<\/em><\/strong><\/div>\n\r\n\t\t\t<\/div>\r\n\t\t\t\r\n\t\t<\/div>\r\n\t\r\n<\/div><\/div><\/div><\/div><div id=\"vc_row-69e182a6185f4\" class=\"vc_row wpb_row vc_row-fluid thegem-custom-69e182a6185ea7584\"><div class=\"wpb_column vc_column_container vc_col-sm-12 thegem-custom-69e182a61874e5855\" ><div class=\"vc_column-inner thegem-custom-inner-69e182a61874f \"><div class=\"wpb_wrapper thegem-custom-69e182a61874e5855\">[gem_gallery gallery_gallery=&#8221;2831&#8243; gallery_type=&#8221;grid&#8221; gallery_layout=&#8221;100%&#8221; gallery_fullwidth_columns=&#8221;5&#8243; gaps_size=&#8221;0&#8243; gallery_hover=&#8221;zooming-blur&#8221; metro_max_row_height=&#8221;380&#8243;][gem_divider margin_top=&#8221;50&#8243;]<h2 style=\"text-align: center\" class=\"vc_custom_heading\" >Particip\u0103 la Walking Month pentru a ajuta!<\/h2>\r\n\t\r\n\t\t<div class=\"wpb_text_column wpb_content_element  thegem-vc-text thegem-custom-69e182a6189985966\"  >\r\n\t\t\t<div class=\"wpb_wrapper\">\r\n\t\t\t\t<p style=\"max-width: 300px; text-align: center; margin: auto;\">E u\u0219or s\u0103 aju\u021bi: particip\u0103 la Walking Month, concursul \u00een care \u0219i tu c\u00e2\u0219tigi s\u0103n\u0103tate \u0219i premii, iar 100% din taxa de participare va fi donat\u0103 c\u0103tre Serviciul de Ajutor Maltez \u00een Rom\u00e2nia, specific pentru \u201eMasa pe ro\u021bi\u201d.<\/p>\n\r\n\t\t\t<\/div>\r\n\t\t\t\r\n\t\t<\/div>\r\n\t\r\n\r\n\t\r\n\t<div  class=\"wpb_single_image wpb_content_element vc_align_center\" >\r\n\t\t\r\n\t\t<figure class=\"wpb_wrapper vc_figure\">\r\n\t\t\t<a href=\"https:\/\/bit.ly\/WM2020G\" target=\"_blank\" class=\"vc_single_image-wrapper   vc_box_border_grey\"><img loading=\"lazy\" decoding=\"async\" width=\"250\" height=\"74\" src=\"https:\/\/walkingmonth.ro\/wp-content\/uploads\/google-play-badge-1.png\" class=\"vc_single_image-img attachment-medium\" alt=\"\" title=\"google-play-badge\" \/><\/a>\r\n\t\t<\/figure>\r\n\t<\/div>\r\n\t\r\n\r\n\t\r\n\t<div  class=\"wpb_single_image wpb_content_element vc_align_center\" >\r\n\t\t\r\n\t\t<figure class=\"wpb_wrapper vc_figure\">\r\n\t\t\t<a href=\"https:\/\/bit.ly\/WM2020A\" target=\"_blank\" class=\"vc_single_image-wrapper   vc_box_border_grey\"><img loading=\"lazy\" decoding=\"async\" width=\"250\" height=\"74\" src=\"https:\/\/walkingmonth.ro\/wp-content\/uploads\/apple-appstore-badge-1.png\" class=\"vc_single_image-img attachment-medium\" alt=\"\" title=\"apple-appstore-badge\" \/><\/a>\r\n\t\t<\/figure>\r\n\t<\/div>\r\n\t\r\n<\/div><\/div><\/div><\/div><\/section>\n<\/div>","protected":false},"excerpt":{"rendered":"[gem_divider margin_top=\"180\" class_name=\"hide-on-mobile\"] \u00cempreun\u0103, putem alina foamea \u0219i singur\u0103tatea unor v\u00e2rstnici singuri Pentru oamenii \u00een v\u00e2rst\u0103, care locuiesc singuri, izolarea...","protected":false},"author":2,"featured_media":0,"parent":0,"menu_order":0,"comment_status":"closed","ping_status":"closed","template":"","meta":{"footnotes":""},"class_list":["post-2816","page","type-page","status-publish"],"_links":{"self":[{"href":"https:\/\/walkingmonth.ro\/en\/wp-json\/wp\/v2\/pages\/2816","targetHints":{"allow":["GET"]}}],"collection":[{"href":"https:\/\/walkingmonth.ro\/en\/wp-json\/wp\/v2\/pages"}],"about":[{"href":"https:\/\/walkingmonth.ro\/en\/wp-json\/wp\/v2\/types\/page"}],"author":[{"embeddable":true,"href":"https:\/\/walkingmonth.ro\/en\/wp-json\/wp\/v2\/users\/2"}],"replies":[{"embeddable":true,"href":"https:\/\/walkingmonth.ro\/en\/wp-json\/wp\/v2\/comments?post=2816"}],"version-history":[{"count":13,"href":"https:\/\/walkingmonth.ro\/en\/wp-json\/wp\/v2\/pages\/2816\/revisions"}],"predecessor-version":[{"id":3593,"href":"https:\/\/walkingmonth.ro\/en\/wp-json\/wp\/v2\/pages\/2816\/revisions\/3593"}],"wp:attachment":[{"href":"https:\/\/walkingmonth.ro\/en\/wp-json\/wp\/v2\/media?parent=2816"}],"curies":[{"name":"wp","href":"https:\/\/api.w.org\/{rel}","templated":true}]}}