{"id":2589,"date":"2020-07-21T15:03:01","date_gmt":"2020-07-21T12:03:01","guid":{"rendered":"https:\/\/walkingmonth.ro\/?page_id=2589"},"modified":"2023-08-07T11:21:46","modified_gmt":"2023-08-07T08:21:46","slug":"politica-de-cookies","status":"publish","type":"page","link":"https:\/\/walkingmonth.ro\/en\/politica-de-cookies\/","title":{"rendered":"Cookie Policy"},"content":{"rendered":"<div class=\"wpb-content-wrapper\"><div id=\"vc_row-69e121f8de779\" class=\"vc_row wpb_row vc_row-fluid thegem-custom-69e121f8de7643973\"><\/div><div class=\"wpb_column vc_column_container vc_col-sm-12 thegem-custom-69e121f8de8643686\" ><div class=\"vc_column-inner thegem-custom-inner-69e121f8de865\"><div class=\"wpb_wrapper thegem-custom-69e121f8de8643686\"><\/div><\/div><\/div>\r\n\t\r\n\t\t<div class=\"wpb_text_column wpb_content_element  thegem-vc-text thegem-custom-69e121f8deb1c4194\"  >\r\n\t\t\t<div class=\"wpb_wrapper\">\r\n\t\t\t\t\r\n\t\t\t<\/div>\r\n\t\t\t\r\n\t\t<\/div>\r\n<p>Un cookie este un fi\u0219ier text pe care un site \u00eel trimite browserului s\u0103-l stocheze pe dispozitivul dvs. pentru re\u0163ine informa\u021bii despre dvs: informa\u021bii de conectare, preferin\u021be de limb\u0103 etc. Aceste cookie-uri sunt setate de noi \u0219i numite cookie-uri de prima parte. Site-ul Walking Month folose\u0219te \u0219i cookie-uri ale unor ter\u021be p\u0103r\u021bi pentru eforturile de marketing.\u00a0Mai precis, folosim cookie-uri \u0219i alte tehnologii de urm\u0103rire \u00een urm\u0103toarele scopuri:<\/p>\r\n<ul>\r\n<li>Pentru a v\u0103 ajuta \u00een navigarea pe internet;<\/li>\r\n<li>Pentru a v\u0103 asista \u00een cazul \u00een care ave\u021bi nevoie de suport online;<\/li>\r\n<li>Pentru asisten\u021b\u0103 \u00een eforturile noastre de marketing, inclusiv publicitate comportamental\u0103<\/li>\r\n<\/ul>\r\n<p>Mai jos este o list\u0103 detaliat\u0103 a cookie-urilor pe care le folosim pe site-ul nostru. Site-ul nostru este scanat cu ajutorul instrumentului nostru de scanare cookie \u00een mod regulat pentru a men\u021bine o list\u0103 c\u00e2t mai exact\u0103 posibil. Clasific\u0103m modulele cookie \u00een urm\u0103toarele categorii:<\/p>\r\n<ul>\r\n<li>Cookie-uri necesare<\/li>\r\n<li>Cookie-uri statistice<\/li>\r\n<li>Cookie-uri de marketing<\/li>\r\n<\/ul>\r\n<p><a href=\"\/en\/#gdpr_cookie_modal\">Set\u0103ri cookieuri<\/a><\/p>\r\n<\/div>","protected":false},"excerpt":{"rendered":"<p>Un cookie este un fi\u0219ier text pe care un site \u00eel trimite browserului s\u0103-l stocheze pe dispozitivul dvs. pentru re\u0163ine&#8230;<\/p>","protected":false},"author":2,"featured_media":0,"parent":0,"menu_order":0,"comment_status":"closed","ping_status":"open","template":"","meta":{"footnotes":""},"class_list":["post-2589","page","type-page","status-publish"],"_links":{"self":[{"href":"https:\/\/walkingmonth.ro\/en\/wp-json\/wp\/v2\/pages\/2589","targetHints":{"allow":["GET"]}}],"collection":[{"href":"https:\/\/walkingmonth.ro\/en\/wp-json\/wp\/v2\/pages"}],"about":[{"href":"https:\/\/walkingmonth.ro\/en\/wp-json\/wp\/v2\/types\/page"}],"author":[{"embeddable":true,"href":"https:\/\/walkingmonth.ro\/en\/wp-json\/wp\/v2\/users\/2"}],"replies":[{"embeddable":true,"href":"https:\/\/walkingmonth.ro\/en\/wp-json\/wp\/v2\/comments?post=2589"}],"version-history":[{"count":7,"href":"https:\/\/walkingmonth.ro\/en\/wp-json\/wp\/v2\/pages\/2589\/revisions"}],"predecessor-version":[{"id":7947,"href":"https:\/\/walkingmonth.ro\/en\/wp-json\/wp\/v2\/pages\/2589\/revisions\/7947"}],"wp:attachment":[{"href":"https:\/\/walkingmonth.ro\/en\/wp-json\/wp\/v2\/media?parent=2589"}],"curies":[{"name":"wp","href":"https:\/\/api.w.org\/{rel}","templated":true}]}}