{"id":2497,"date":"2020-06-11T09:33:58","date_gmt":"2020-06-11T06:33:58","guid":{"rendered":"http:\/\/34.89.113.9\/?page_id=2497"},"modified":"2026-04-16T10:27:01","modified_gmt":"2026-04-16T07:27:01","slug":"cum-functioneaza-walking-month","status":"publish","type":"page","link":"https:\/\/walkingmonth.ro\/en\/cum-functioneaza-walking-month\/","title":{"rendered":"Cum func\u021bioneaz\u0103 Walking Month?"},"content":{"rendered":"<div class=\"wpb-content-wrapper\"><section id=\"vc_section-69e11f3f19d06\" class=\"vc_section\"><div id=\"vc_row-69e11f3f19f0d\" class=\"vc_row wpb_row vc_row-fluid thegem-custom-69e11f3f19efa1097 vc_row-o-equal-height vc_row-flex\"><div class=\"wpb_column vc_column_container vc_col-sm-8 thegem-custom-69e11f3f1a0851204\" ><div class=\"vc_column-inner thegem-custom-inner-69e11f3f1a087\"><div class=\"wpb_wrapper thegem-custom-69e11f3f1a0851204\"><h2 style=\"text-align: left\" class=\"vc_custom_heading\" >COMPETITION MECHANISM<\/h2>\r\n\t\r\n\t\t<div class=\"wpb_text_column wpb_content_element  thegem-vc-text thegem-custom-69e11f3f1a6143840\"  >\r\n\t\t\t<div class=\"wpb_wrapper\">\r\n\t\t\t\t<p><strong>What is Walking Month? <\/strong>Walking Month is a charity competition that encourages participants to live an active and healthy lifestyle!<strong><br \/>\n<\/strong><\/p>\n<p><strong>How does it work?<\/strong> For one month, teams of 4 people compete to see how many steps they can take each day, walking as much as possible. Steps are recorded in the Walking Month app - either manually, or, if possible, by syncing the app with Google Fit (Android) or Apple Health (iOS).<\/p>\n<p>At the end of the month, teams and individual participants with the highest step counts win prizes provided by competition partners. All participants also have an equal chance to win prizes via random draws. Additional awards may be given based on progress or motivation, such as the team or participant who shows the most improvement (criteria may vary per edition).<\/p>\n<p>Participants can join in: \nTeams of 4 (\u201ccomplete\u201d teams) - Teams of 2 or 3 (certain editions offer prizes for these as well - see the rules) - Individually (without a team - eligible for individual prizes only)<\/p>\n<p>Every participant gains a boost to their well-being and health, so <strong>Walking Month is truly a competition where everyone wins,<\/strong> regardless of ranking. Participants are encouraged to surpass their own previous achievements!<\/p>\n\r\n\t\t\t<\/div>\r\n\t\t\t\r\n\t\t<\/div>\r\n\t\r\n<h2 style=\"text-align: left\" class=\"vc_custom_heading\" >REGISTRATION<\/h2>\r\n\t\r\n\t\t<div class=\"wpb_text_column wpb_content_element  thegem-vc-text thegem-custom-69e11f3f1a74f4504\"  >\r\n\t\t\t<div class=\"wpb_wrapper\">\r\n\t\t\t\t<p>Once the registration period opens, you can sign up with colleagues or friends. To register, you may need: A phone compatible with the Walking Month app, <em>fitness tracker<\/em>or just your phone (with the step-counting function activated and worn on your person)<\/p>\n<p>When registering, you can choose a participation package that may include a fitness tracker, which remains yours even after the competition ends - because we want to encourage you to stay active year-round, not just during Walking Month.<\/p>\n<ol>\n<li>Download the Walking Month app from Google Play or App Store.<\/li>\n<li>Create an account or activate an existing one. By doing so, you automatically donate to the partner NGO: 100% of the registration fee goes directly to the NGO supported that year, since all competition costs are covered by the organizers.<\/li>\n<li>Invite friends to form a team, or request to be assigned to a randomly created team with other participants who opted for this.<\/li>\n<\/ol>\n\r\n\t\t\t<\/div>\r\n\t\t\t\r\n\t\t<\/div>\r\n\t\r\n<\/div><\/div><\/div><div class=\"wpb_column vc_column_container vc_col-sm-4 thegem-custom-69e11f3f1a8444458\" ><div class=\"vc_column-inner thegem-custom-inner-69e11f3f1a846\"><div class=\"wpb_wrapper thegem-custom-69e11f3f1a8444458\">\r\n\t\r\n\t\t<div class=\"wpb_text_column wpb_content_element  thegem-vc-text thegem-custom-69e11f3f1a95a8699\"  >\r\n\t\t\t<div class=\"wpb_wrapper\">\r\n\t\t\t\t\r\n\t\t\t<\/div>\r\n\t\t\t\r\n\t\t<\/div>\r\n\t\r\n<\/div><\/div><\/div><\/div><\/section><div id=\"vc_row-69e11f3f1aa6e\" class=\"vc_row wpb_row vc_row-fluid thegem-custom-69e11f3f1aa632085\"><div class=\"wpb_column vc_column_container vc_col-sm-6 thegem-custom-69e11f3f1ac36748\" ><div class=\"vc_column-inner thegem-custom-inner-69e11f3f1ac39\"><div class=\"wpb_wrapper thegem-custom-69e11f3f1ac36748\">\r\n\t\r\n\t<div  class=\"wpb_single_image wpb_content_element vc_align_left\" >\r\n\t\t\r\n\t\t<figure class=\"wpb_wrapper vc_figure\">\r\n\t\t\t<div class=\"vc_single_image-wrapper   vc_box_border_grey\"><img loading=\"lazy\" decoding=\"async\" width=\"1280\" height=\"853\" src=\"https:\/\/walkingmonth.ro\/wp-content\/uploads\/dogassist-gal004.jpg\" class=\"vc_single_image-img attachment-full\" alt=\"\" title=\"Paul Sandor Photography\" srcset=\"https:\/\/walkingmonth.ro\/wp-content\/uploads\/dogassist-gal004.jpg 1280w, https:\/\/walkingmonth.ro\/wp-content\/uploads\/dogassist-gal004-300x200.jpg 300w, https:\/\/walkingmonth.ro\/wp-content\/uploads\/dogassist-gal004-1024x682.jpg 1024w, https:\/\/walkingmonth.ro\/wp-content\/uploads\/dogassist-gal004-768x512.jpg 768w\" sizes=\"auto, (max-width: 1280px) 100vw, 1280px\" \/><\/div>\r\n\t\t<\/figure>\r\n\t<\/div>\r\n\t\r\n<\/div><\/div><\/div><div class=\"wpb_column vc_column_container vc_col-sm-6 thegem-custom-69e11f3f1bb4e7241\" ><div class=\"vc_column-inner thegem-custom-inner-69e11f3f1bb51\"><div class=\"wpb_wrapper thegem-custom-69e11f3f1bb4e7241\">\r\n\t\r\n\t\t<div class=\"wpb_text_column wpb_content_element  thegem-vc-text thegem-custom-69e11f3f1bcb59678\"  >\r\n\t\t\t<div class=\"wpb_wrapper\">\r\n\t\t\t\t<p class=\"title\">Edition 2024<\/p>\n<h3>\u201cOur steps are their steps forward\u201d<\/h3>\n<p>We are donating 3,000 hours of therapy to neurodivergent children and their families. Join the Walking Month movement to help children with autism or Down syndrome receive specialized therapy at the right time.<\/p>\n\r\n\t\t\t<\/div>\r\n\t\t\t\r\n\t\t<\/div>\r\n\t\r\n<div class=\"vc_btn3-container vc_btn3-inline vc_do_btn\" ><a class=\"vc_general vc_btn3 vc_btn3-size-md vc_btn3-shape-rounded vc_btn3-style-modern vc_btn3-color-warning\" href=\"https:\/\/walkingmonth.ro\/en\/editia\/2024-pasii-nostri-sunt-pasii-lor-inainte\/\" title=\"Walking Month 2024\">Edition 2024<\/a><\/div><\/div><\/div><\/div><\/div>\n<\/div>","protected":false},"excerpt":{"rendered":"MECANISMUL CONCURSULUI Ce este Walking Month? Un concurs cu scop caritabil, care \u00eei \u00eencurajeaz\u0103 pe concuren\u021bi s\u0103 tr\u0103iasc\u0103 activ \u0219i...","protected":false},"author":2,"featured_media":2501,"parent":0,"menu_order":0,"comment_status":"closed","ping_status":"closed","template":"","meta":{"footnotes":""},"class_list":["post-2497","page","type-page","status-publish","has-post-thumbnail"],"_links":{"self":[{"href":"https:\/\/walkingmonth.ro\/en\/wp-json\/wp\/v2\/pages\/2497","targetHints":{"allow":["GET"]}}],"collection":[{"href":"https:\/\/walkingmonth.ro\/en\/wp-json\/wp\/v2\/pages"}],"about":[{"href":"https:\/\/walkingmonth.ro\/en\/wp-json\/wp\/v2\/types\/page"}],"author":[{"embeddable":true,"href":"https:\/\/walkingmonth.ro\/en\/wp-json\/wp\/v2\/users\/2"}],"replies":[{"embeddable":true,"href":"https:\/\/walkingmonth.ro\/en\/wp-json\/wp\/v2\/comments?post=2497"}],"version-history":[{"count":13,"href":"https:\/\/walkingmonth.ro\/en\/wp-json\/wp\/v2\/pages\/2497\/revisions"}],"predecessor-version":[{"id":10816,"href":"https:\/\/walkingmonth.ro\/en\/wp-json\/wp\/v2\/pages\/2497\/revisions\/10816"}],"wp:featuredmedia":[{"embeddable":true,"href":"https:\/\/walkingmonth.ro\/en\/wp-json\/wp\/v2\/media\/2501"}],"wp:attachment":[{"href":"https:\/\/walkingmonth.ro\/en\/wp-json\/wp\/v2\/media?parent=2497"}],"curies":[{"name":"wp","href":"https:\/\/api.w.org\/{rel}","templated":true}]}}